{"id":12943,"date":"2018-12-14T11:20:35","date_gmt":"2018-12-14T09:20:35","guid":{"rendered":"http:\/\/www.tscmb.si\/?page_id=12943"},"modified":"2023-05-04T08:02:42","modified_gmt":"2023-05-04T07:02:42","slug":"eduroam-omrezje","status":"publish","type":"page","link":"https:\/\/www.tscmb.si\/de\/eduroam-omrezje\/","title":{"rendered":"(Slovenian) Brez\u017ei\u010dno izobra\u017eevalno omre\u017eje EDUROAM"},"content":{"rendered":"<p class=\"qtranxs-available-languages-message qtranxs-available-languages-message-de\">Leider ist der Eintrag nur auf <a href=\"https:\/\/www.tscmb.si\/sl\/wp-json\/wp\/v2\/pages\/12943\" class=\"qtranxs-available-language-link qtranxs-available-language-link-sl\" title=\"Slovenian\">Slowenisch<\/a> verf\u00fcgbar.<\/p>","protected":false},"excerpt":{"rendered":"<p>Leider ist der Eintrag nur auf Slowenisch verf\u00fcgbar.<\/p>\n","protected":false},"author":3,"featured_media":0,"parent":0,"menu_order":0,"comment_status":"closed","ping_status":"closed","template":"","meta":[],"_links":{"self":[{"href":"https:\/\/www.tscmb.si\/de\/wp-json\/wp\/v2\/pages\/12943"}],"collection":[{"href":"https:\/\/www.tscmb.si\/de\/wp-json\/wp\/v2\/pages"}],"about":[{"href":"https:\/\/www.tscmb.si\/de\/wp-json\/wp\/v2\/types\/page"}],"author":[{"embeddable":true,"href":"https:\/\/www.tscmb.si\/de\/wp-json\/wp\/v2\/users\/3"}],"replies":[{"embeddable":true,"href":"https:\/\/www.tscmb.si\/de\/wp-json\/wp\/v2\/comments?post=12943"}],"version-history":[{"count":5,"href":"https:\/\/www.tscmb.si\/de\/wp-json\/wp\/v2\/pages\/12943\/revisions"}],"predecessor-version":[{"id":23571,"href":"https:\/\/www.tscmb.si\/de\/wp-json\/wp\/v2\/pages\/12943\/revisions\/23571"}],"wp:attachment":[{"href":"https:\/\/www.tscmb.si\/de\/wp-json\/wp\/v2\/media?parent=12943"}],"curies":[{"name":"wp","href":"https:\/\/api.w.org\/{rel}","templated":true}]}}