{"id":13668,"date":"2019-02-25T12:23:28","date_gmt":"2019-02-25T11:23:28","guid":{"rendered":"http:\/\/www.tscmb.si\/?page_id=13668"},"modified":"2026-02-16T11:35:13","modified_gmt":"2026-02-16T09:35:13","slug":"srednja-sola","status":"publish","type":"page","link":"https:\/\/www.tscmb.si\/de\/srednja-sola\/","title":{"rendered":"Mittelschule"},"content":{"rendered":"<style type=\"text\/css\"> \n#cmsmasters_row_69fdcdadf03fc .cmsmasters_row_outer_parent { \n\tpadding-top: 0px; \n} \n\n#cmsmasters_row_69fdcdadf03fc .cmsmasters_row_outer_parent { \n\tpadding-bottom: 50px; \n} \n\n \n\n#cmsmasters_fb_69fdcdadf04df { \n\tpadding-top:0px; \n\tpadding-bottom:0px; \n} \n\n#cmsmasters_fb_69fdcdadf04df .featured_block_inner { \n\twidth: 100%; \n\tpadding: ; \n\ttext-align: left; \n\tmargin:0 auto; \n\tbackground-color:#e1e1e1;\n} \n\n#cmsmasters_fb_69fdcdadf04df .featured_block_text { \n\ttext-align: left; \n} \n\n<\/style><p>Aktuelle und allgemeine Informationen zu Veranstaltungen an der Sekundarschule f\u00fcr den Maschinenbau des Technischen Schulzentrum Maribor.<\/p>\n<ul class=\"sub-menu\">\n<li id=\"menu-item-11126\" class=\"menu-item menu-item-type-custom menu-item-object-custom menu-item-11126 menu-item-depth-1 menu-item-icon\"><a href=\"http:\/\/www.tscmb.si\/de\/moodle\/\" target=\"_blank\" rel=\"noopener noreferrer\"><span class=\"nav_item_wrap\"><span class=\"nav_title cmsmasters-icon-folder-open\">Moodle<\/span><\/span><\/a><\/li>\n<li id=\"menu-item-16681\" class=\"menu-item menu-item-type-custom menu-item-object-custom menu-item-16681 menu-item-depth-1 menu-item-icon\"><a href=\"http:\/\/teams.microsoft.com\/\" target=\"_blank\" rel=\"noopener noreferrer\"><span class=\"nav_item_wrap\"><span class=\"nav_title cmsmasters-icon-videocam\">MS Teams<\/span><\/span><\/a><\/li>\n<li><a href=\"http:\/\/www.tscmb.si\/de\/srednja-sola\/izobrazevalni-programi\/\"><span class=\"nav_item_wrap\"><span class=\"nav_title cmsmasters-icon-info\">Bildungsprogramme<\/span><\/span><\/a>\n<ul class=\"sub-menu\">\n<li class=\"menu-item menu-item-type-post_type menu-item-object-page menu-item-has-children menu-item-7667 menu-item-depth-1 menu-item-icon\">\u00a0Maschinenbau\n<ul class=\"sub-menu\">\n<li id=\"menu-item-7362\" class=\"menu-item menu-item-type-post_type menu-item-object-page menu-item-7362 menu-item-depth-subitem\"><a href=\"http:\/\/www.tscmb.si\/de\/srednja-sola\/izobrazevalni-programi\/spi-instalater-strojnih-instalacij\/\"><span class=\"nav_item_wrap\"><span class=\"nav_title\">Installateur<\/span><\/span><\/a><\/li>\n<li id=\"menu-item-7363\" class=\"menu-item menu-item-type-post_type menu-item-object-page menu-item-7363 menu-item-depth-subitem\"><a href=\"http:\/\/www.tscmb.si\/de\/srednja-sola\/izobrazevalni-programi\/spi-oblikovalec-kovin-orodjar\/\"><span class=\"nav_item_wrap\"><span class=\"nav_title\">Metalldesigner \u2013 Werkzeugmacher<\/span><\/span><\/a><\/li>\n<li id=\"menu-item-7380\" class=\"menu-item menu-item-type-post_type menu-item-object-page menu-item-7380 menu-item-depth-subitem\"><a href=\"http:\/\/www.tscmb.si\/de\/srednja-sola\/izobrazevalni-programi\/pti-strojni-tehnik\/\"><span class=\"nav_item_wrap\"><span class=\"nav_title\">Maschinenbautechniker (3 + 2J)<\/span><\/span><\/a><\/li>\n<li id=\"menu-item-7403\" class=\"menu-item menu-item-type-post_type menu-item-object-page menu-item-7403 menu-item-depth-subitem\"><a href=\"http:\/\/www.tscmb.si\/de\/srednja-sola\/izobrazevalni-programi\/ssi-strojni-tehnik\/\"><span class=\"nav_item_wrap\"><span class=\"nav_title\">Maschinenbautechniker (4J)<\/span><\/span><\/a><\/li>\n<\/ul>\n<\/li>\n<li>Mechatronik\n<ul class=\"sub-menu\">\n<li id=\"menu-item-7361\" class=\"menu-item menu-item-type-post_type menu-item-object-page menu-item-7361 menu-item-depth-subitem\"><a href=\"http:\/\/www.tscmb.si\/de\/srednja-sola\/izobrazevalni-programi\/spi-mehatronik-operater\/\"><span class=\"nav_item_wrap\"><span class=\"nav_title\">Mechatroniker operateur<\/span><\/span><\/a><\/li>\n<li id=\"menu-item-7402\" class=\"menu-item menu-item-type-post_type menu-item-object-page menu-item-7402 menu-item-depth-subitem\"><a href=\"http:\/\/www.tscmb.si\/de\/srednja-sola\/izobrazevalni-programi\/ssi-tehnik-mehatronike\/\"><span class=\"nav_item_wrap\"><span class=\"nav_title\">Mechatroniktechniker (4J)<\/span><\/span><\/a><\/li>\n<\/ul>\n<\/li>\n<li><a href=\"http:\/\/www.tscmb.si\/de\/srednja-sola\/#\"><span class=\"nav_item_wrap\"><span class=\"nav_title\">Fahrzeugtechnik<\/span><\/span><\/a>\n<ul class=\"sub-menu\">\n<li id=\"menu-item-7359\" class=\"menu-item menu-item-type-post_type menu-item-object-page menu-item-7359 menu-item-depth-subitem\"><a href=\"http:\/\/www.tscmb.si\/de\/srednja-sola\/izobrazevalni-programi\/spi-avtokaroserist\/\"><span class=\"nav_item_wrap\"><span class=\"nav_title\">Karosseriebauer<\/span><\/span><\/a><\/li>\n<li id=\"menu-item-7360\" class=\"menu-item menu-item-type-post_type menu-item-object-page menu-item-7360 menu-item-depth-subitem\"><a href=\"http:\/\/www.tscmb.si\/de\/srednja-sola\/izobrazevalni-programi\/spi-avtoserviser\/\"><span class=\"nav_item_wrap\"><span class=\"nav_title\">KFZ-Mechatroniker<\/span><\/span><\/a><\/li>\n<li id=\"menu-item-7404\" class=\"menu-item menu-item-type-post_type menu-item-object-page menu-item-7404 menu-item-depth-subitem\"><a href=\"http:\/\/www.tscmb.si\/de\/srednja-sola\/izobrazevalni-programi\/pti-avtoservisni-tehnik\/\"><span class=\"nav_item_wrap\"><span class=\"nav_title\">KFZ-Servicetechniker (3+2J)<\/span><\/span><\/a><\/li>\n<\/ul>\n<\/li>\n<li><a href=\"http:\/\/www.tscmb.si\/de\/dijaski-dom\/\"><span class=\"nav_item_wrap\"><span class=\"nav_title\">Das Sch\u00fclerheim<\/span><\/span><\/a>\n<ul class=\"sub-menu\">\n<li id=\"menu-item-7412\" class=\"menu-item menu-item-type-post_type menu-item-object-page menu-item-7412 menu-item-depth-subitem\"><a href=\"http:\/\/www.tscmb.si\/de\/dijaski-dom\/cenik\/\"><span class=\"nav_item_wrap\"><span class=\"nav_title\">Preisliste<\/span><\/span><\/a><\/li>\n<li id=\"menu-item-7102\" class=\"menu-item menu-item-type-post_type menu-item-object-page menu-item-7102 menu-item-depth-subitem\"><a href=\"http:\/\/www.tscmb.si\/de\/dijaski-dom\/dodatna-ponudba\/\"><span class=\"nav_item_wrap\"><span class=\"nav_title\">Zus\u00e4tzliches Angebot<\/span><\/span><\/a><\/li>\n<\/ul>\n<\/li>\n<li><a href=\"http:\/\/www.tscmb.si\/de\/srednja-sola\/o-zavodu\/\"><span class=\"nav_item_wrap\"><span class=\"nav_title\">\u00dcber uns<\/span><\/span><\/a>\n<ul class=\"sub-menu\">\n<li id=\"menu-item-6784\" class=\"menu-item menu-item-type-post_type menu-item-object-page menu-item-6784 menu-item-depth-subitem\"><a href=\"http:\/\/www.tscmb.si\/de\/srednja-sola\/o-zavodu\/zgodovina\/\"><span class=\"nav_item_wrap\"><span class=\"nav_title\">Geschichte der Schule<\/span><\/span><\/a><\/li>\n<\/ul>\n<\/li>\n<li id=\"menu-item-11126\" class=\"menu-item menu-item-type-custom menu-item-object-custom menu-item-11126 menu-item-depth-1\"><a href=\"http:\/\/www.tscmb.si\/de\/srednja-sola\/erasmus\/\"><span class=\"nav_item_wrap\"><span class=\"nav_title\">Erasmus+<\/span><\/span><\/a><\/li>\n<li id=\"menu-item-10718\" class=\"menu-item menu-item-type-post_type menu-item-object-page menu-item-has-children menu-item-10718 menu-item-depth-1\"><a href=\"http:\/\/www.tscmb.si\/de\/karierni-center\/\"><span class=\"nav_item_wrap\"><span class=\"nav_title\">Das Karrierezentrum<\/span><\/span><\/a>\n<ul class=\"sub-menu\">\n<li id=\"menu-item-10719\" class=\"menu-item menu-item-type-post_type menu-item-object-page menu-item-10719 menu-item-depth-subitem\"><a href=\"http:\/\/www.tscmb.si\/de\/karierni-center\/ponudba-del\/\"><span class=\"nav_item_wrap\"><span class=\"nav_title\">Arbeitsangebot<\/span><\/span><\/a><\/li>\n<\/ul>\n<\/li>\n<\/ul>\n<\/li>\n<\/ul>\n<p><\/p>","protected":false},"excerpt":{"rendered":"<p>Aktuelle und allgemeine Informationen zu Veranstaltungen an der Sekundarschule f\u00fcr den Maschinenbau des Technischen Schulzentrum Maribor. Moodle MS Teams Bildungsprogramme \u00a0Maschinenbau Installateur Metalldesigner \u2013 Werkzeugmacher Maschinenbautechniker (3 + 2J) Maschinenbautechniker (4J) Mechatronik Mechatroniker operateur Mechatroniktechniker (4J) Fahrzeugtechnik Karosseriebauer KFZ-Mechatroniker KFZ-Servicetechniker (3+2J) Das Sch\u00fclerheim Preisliste Zus\u00e4tzliches Angebot \u00dcber uns Geschichte der Schule Erasmus+ Das Karrierezentrum Arbeitsangebot<\/p>\n","protected":false},"author":3,"featured_media":0,"parent":0,"menu_order":0,"comment_status":"closed","ping_status":"closed","template":"","meta":[],"_links":{"self":[{"href":"https:\/\/www.tscmb.si\/de\/wp-json\/wp\/v2\/pages\/13668"}],"collection":[{"href":"https:\/\/www.tscmb.si\/de\/wp-json\/wp\/v2\/pages"}],"about":[{"href":"https:\/\/www.tscmb.si\/de\/wp-json\/wp\/v2\/types\/page"}],"author":[{"embeddable":true,"href":"https:\/\/www.tscmb.si\/de\/wp-json\/wp\/v2\/users\/3"}],"replies":[{"embeddable":true,"href":"https:\/\/www.tscmb.si\/de\/wp-json\/wp\/v2\/comments?post=13668"}],"version-history":[{"count":103,"href":"https:\/\/www.tscmb.si\/de\/wp-json\/wp\/v2\/pages\/13668\/revisions"}],"predecessor-version":[{"id":29494,"href":"https:\/\/www.tscmb.si\/de\/wp-json\/wp\/v2\/pages\/13668\/revisions\/29494"}],"wp:attachment":[{"href":"https:\/\/www.tscmb.si\/de\/wp-json\/wp\/v2\/media?parent=13668"}],"curies":[{"name":"wp","href":"https:\/\/api.w.org\/{rel}","templated":true}]}}