{"id":25565,"date":"2024-03-25T20:44:17","date_gmt":"2024-03-25T19:44:17","guid":{"rendered":"https:\/\/www.tscmb.si\/?page_id=25565"},"modified":"2024-06-03T13:45:41","modified_gmt":"2024-06-03T11:45:41","slug":"parkirisce-drazba","status":"publish","type":"page","link":"https:\/\/www.tscmb.si\/de\/informacije\/parkirisce-drazba\/","title":{"rendered":"(Slovenian) Parkiri\u0161\u010de (dra\u017eba)"},"content":{"rendered":"<p class=\"qtranxs-available-languages-message qtranxs-available-languages-message-de\">Leider ist der Eintrag nur auf <a href=\"https:\/\/www.tscmb.si\/sl\/wp-json\/wp\/v2\/pages\/25565\" class=\"qtranxs-available-language-link qtranxs-available-language-link-sl\" title=\"Slovenian\">Slowenisch<\/a> verf\u00fcgbar.<\/p>","protected":false},"excerpt":{"rendered":"<p>Leider ist der Eintrag nur auf Slowenisch verf\u00fcgbar.<\/p>\n","protected":false},"author":3,"featured_media":0,"parent":13665,"menu_order":0,"comment_status":"closed","ping_status":"closed","template":"","meta":[],"_links":{"self":[{"href":"https:\/\/www.tscmb.si\/de\/wp-json\/wp\/v2\/pages\/25565"}],"collection":[{"href":"https:\/\/www.tscmb.si\/de\/wp-json\/wp\/v2\/pages"}],"about":[{"href":"https:\/\/www.tscmb.si\/de\/wp-json\/wp\/v2\/types\/page"}],"author":[{"embeddable":true,"href":"https:\/\/www.tscmb.si\/de\/wp-json\/wp\/v2\/users\/3"}],"replies":[{"embeddable":true,"href":"https:\/\/www.tscmb.si\/de\/wp-json\/wp\/v2\/comments?post=25565"}],"version-history":[{"count":3,"href":"https:\/\/www.tscmb.si\/de\/wp-json\/wp\/v2\/pages\/25565\/revisions"}],"predecessor-version":[{"id":26016,"href":"https:\/\/www.tscmb.si\/de\/wp-json\/wp\/v2\/pages\/25565\/revisions\/26016"}],"up":[{"embeddable":true,"href":"https:\/\/www.tscmb.si\/de\/wp-json\/wp\/v2\/pages\/13665"}],"wp:attachment":[{"href":"https:\/\/www.tscmb.si\/de\/wp-json\/wp\/v2\/media?parent=25565"}],"curies":[{"name":"wp","href":"https:\/\/api.w.org\/{rel}","templated":true}]}}