{"id":6679,"date":"2017-01-24T23:09:31","date_gmt":"2017-01-24T22:09:31","guid":{"rendered":"http:\/\/www.kart.si\/tscmb\/?page_id=6679"},"modified":"2024-01-25T11:26:43","modified_gmt":"2024-01-25T10:26:43","slug":"dodatna-ponudba","status":"publish","type":"page","link":"https:\/\/www.tscmb.si\/de\/dijaski-dom\/dodatna-ponudba\/","title":{"rendered":"Zus\u00e4tzliches Angebot"},"content":{"rendered":"<style type=\"text\/css\"> \n#cmsmasters_row_69f3611ec848a .cmsmasters_row_outer_parent { \n\tpadding-top: 0px; \n} \n\n#cmsmasters_row_69f3611ec848a .cmsmasters_row_outer_parent { \n\tpadding-bottom: 0px; \n} \n\n \n#cmsmasters_row_69f3611ec87cb .cmsmasters_row_outer_parent { \n\tpadding-top: 0px; \n} \n\n#cmsmasters_row_69f3611ec87cb .cmsmasters_row_outer_parent { \n\tpadding-bottom: 0px; \n} \n\n \n#cmsmasters_row_69f3611ec88d4 .cmsmasters_row_outer_parent { \n\tpadding-top: 0px; \n} \n\n#cmsmasters_row_69f3611ec88d4 .cmsmasters_row_outer_parent { \n\tpadding-bottom: 0px; \n} \n\n \n#cmsmasters_row_69f3611ec89a7 .cmsmasters_row_outer_parent { \n\tpadding-top: 0px; \n} \n\n#cmsmasters_row_69f3611ec89a7 .cmsmasters_row_outer_parent { \n\tpadding-bottom: 0px; \n} \n\n<\/style><p>Nach dem Gr\u00fcndungsgesetz kann der Sch\u00fclerheim des Technischen Schulzentrums Maribor auch einige Formen zus\u00e4tzlicher Aktivit\u00e4ten durchf\u00fchren. Diese dienen lediglich dazu, dem Sch\u00fclerheim zus\u00e4tzliche Ressourcen zur Verf\u00fcgung zu stellen, mit denen der Sch\u00fclerheim den Sch\u00fclern mehr bieten kann, als sie sich sonst leisten k\u00f6nnten. Ziel dieser Website ist es, potenziellen Partnern zus\u00e4tzliche Angebote unseres Sch\u00fclerheims vorzustellen.<\/p>\n<h3><strong>Andere zus\u00e4tzliche Aktivit\u00e4ten<\/strong><\/h3>\n<p>Wir befinden uns in einer angenehmen Umgebung, in der es viel Ruhe und Gr\u00fcn gibt. In unserer unmittelbaren Umgebung befinden sich Spielpl\u00e4tze (Fu\u00dfball, Basketball, Handball, &#8230;). In unmittelbarer N\u00e4he des Sch\u00fclerheims und direkt neben ihm stehen unseren G\u00e4sten ausreichend kostenlose Parkpl\u00e4tze zur Verf\u00fcgung. Unsere Hauptt\u00e4tigkeit ist die Ausbildung und vollst\u00e4ndige Betreuung von Sch\u00fclern. Das Technische Schulzentrum Maribor verf\u00fcgt \u00fcber eine eigene Sporthalle, in der Basketball, Volleyball, Handball und Fu\u00dfball trainiert werden k\u00f6nnen. Dar\u00fcber hinaus betreibt das Technische Schulzentrum Maribor ein eigenes modernes Fitnesscenter.<\/p>\n<p>Auf der Suche nach M\u00f6glichkeiten, den Standard unserer Sch\u00fcler zu verbessern, f\u00fchren wir auch zus\u00e4tzliche Aktivit\u00e4ten durch. In unserer Freizeit bieten wir unsere R\u00e4umlichkeiten jedem an, der Seminare jeglicher Art organisiert.<\/p>\n<h3><strong>Wir bieten auch Catering und \u00dcbernachtungsm\u00f6glichkeiten an.<\/strong><\/h3>\n<ul>\n<li>Wir bieten den ganzen Sommer \u00fcber Catering an. Wir organisieren Partys f\u00fcr geschlossene Gruppen.<\/li>\n<li>Wir bieten Snacks zu einem g\u00fcnstigen Preis. Bei einer gro\u00dfen Anzahl von Bestellungen sind wir bereit, die Mahlzeiten\/Snacks direkt an die Kunden zu liefern..<\/li>\n<li>Wir bieten das ganze Jahr \u00fcber \u00dcbernachtungs- und Pensionsleistungen an &#8211; bis zu 50 Personen in Einzel- und Doppelzimmern.<\/li>\n<li>W\u00e4hrend der Schulferien bieten wir \u00dcbernachtungs- und Pensionsleistungen f\u00fcr bis zu 210 Personen an.<\/li>\n<li>Wir bieten W\u00e4scheservice zu sehr g\u00fcnstigen Preisen.<\/li>\n<\/ul>\n<div id=\"cmsmasters_row_69f3611ec88d4\" class=\"cmsmasters_row cmsmasters_color_scheme_default cmsmasters_row_top_default cmsmasters_row_bot_default cmsmasters_row_boxed\">\n<div class=\"cmsmasters_row_outer_parent\">\n<div class=\"cmsmasters_row_outer\">\n<div class=\"cmsmasters_row_inner\">\n<div class=\"cmsmasters_row_margin\">\n<\/div>\n<\/div>\n<\/div>\n<\/div>\n<\/div>\n<div class=\"cmsmasters_column one_first\">\n<\/div>\n<div class=\"cmsmasters_quotes quote_grid quote_one\" data-animation=\"fadeInRight\" data-delay=\"0\">\n<div class=\"quote_vert\"><\/div><div class=\"quotes_list\">\n<div class=\"cmsmasters_quote\">\n\n<!--_________________________ Start Grid Article _________________________ -->\n\n<article class=\"cmsmasters_quote_inner\" id=\"cmsmasters_quote_69f3611ec894a\">\n\t<div class=\"quote_content_wrap\">\n\t<div class=\"quote_content\">\n<p>Unser Motto lautet:<\/p>\n<h4><span style=\"color: #ff6600;\"><strong>EIN JEDER GAST SOLL SICH BEI UNS ALS K\u00d6NIG F\u00dcHLEN!<\/strong><\/span><\/h4>\n<\/div>\n<div class=\"quote_info_wrap\"><div class=\"wrap_quote_title\"><\/div>\t\t<\/div>\n\t<\/div>\n<\/article>\n<!--_________________________ Finish Grid Article _________________________ -->\n\n<\/div>\n<\/div><div class=\"quotes_list\">\n<\/div>\n<\/div>\n<\/div>\n<\/div>\n<\/div>\n<\/div>\n<\/div>\n<\/div>\n<div id=\"cmsmasters_row_69f3611ec89a7\" class=\"cmsmasters_row cmsmasters_color_scheme_default cmsmasters_row_top_default cmsmasters_row_bot_default cmsmasters_row_boxed\">\n<div class=\"cmsmasters_row_outer_parent\">\n<div class=\"cmsmasters_row_outer\">\n<div class=\"cmsmasters_row_inner\">\n<div class=\"cmsmasters_row_margin\">\n<\/div>\n<\/div>\n<\/div>\n<\/div>\n<\/div>\n<div class=\"cmsmasters_column one_first\">\n<\/div>\n<div class=\"cmsmasters_text\">\n<\/div>\n<br \/>\nDie Mitarbeiter des Technischen Schulzentrums Maribor w\u00fcnschen allen schon anwesenden und zuk\u00fcnftigen G\u00e4sten einen angenehmen Aufenthalt und Wohlbefinden in unserem Studentenwohnheim.<\/p>\n<h4><span style=\"color: #ff6600;\">Ansprechpartner f\u00fcr die Organisation:<strong> prof. Ale\u0161 Smole<\/strong><\/span><\/h4>\n<p>Telefonnummer: +386 2 460 51 62<br \/>\nE-mailv: <a href=\"mailto:ales.smole@tscmb.si\" target=\"_blank\" rel=\"noopener noreferrer\">ales.smole@tscmb.si<\/a><\/p>","protected":false},"excerpt":{"rendered":"<p>Leider ist der Eintrag nur auf Slowenisch verf\u00fcgbar.<\/p>\n","protected":false},"author":3,"featured_media":0,"parent":6942,"menu_order":0,"comment_status":"closed","ping_status":"closed","template":"","meta":[],"_links":{"self":[{"href":"https:\/\/www.tscmb.si\/de\/wp-json\/wp\/v2\/pages\/6679"}],"collection":[{"href":"https:\/\/www.tscmb.si\/de\/wp-json\/wp\/v2\/pages"}],"about":[{"href":"https:\/\/www.tscmb.si\/de\/wp-json\/wp\/v2\/types\/page"}],"author":[{"embeddable":true,"href":"https:\/\/www.tscmb.si\/de\/wp-json\/wp\/v2\/users\/3"}],"replies":[{"embeddable":true,"href":"https:\/\/www.tscmb.si\/de\/wp-json\/wp\/v2\/comments?post=6679"}],"version-history":[{"count":28,"href":"https:\/\/www.tscmb.si\/de\/wp-json\/wp\/v2\/pages\/6679\/revisions"}],"predecessor-version":[{"id":25140,"href":"https:\/\/www.tscmb.si\/de\/wp-json\/wp\/v2\/pages\/6679\/revisions\/25140"}],"up":[{"embeddable":true,"href":"https:\/\/www.tscmb.si\/de\/wp-json\/wp\/v2\/pages\/6942"}],"wp:attachment":[{"href":"https:\/\/www.tscmb.si\/de\/wp-json\/wp\/v2\/media?parent=6679"}],"curies":[{"name":"wp","href":"https:\/\/api.w.org\/{rel}","templated":true}]}}