{"id":7055,"date":"2017-02-05T12:47:20","date_gmt":"2017-02-05T11:47:20","guid":{"rendered":"http:\/\/www.kart.si\/tscmb\/?page_id=7055"},"modified":"2026-02-10T15:26:11","modified_gmt":"2026-02-10T13:26:11","slug":"studijski-programi","status":"publish","type":"page","link":"https:\/\/www.tscmb.si\/de\/visja-strokovna-sola\/studijski-programi\/","title":{"rendered":"Studienprogramme"},"content":{"rendered":"<style type=\"text\/css\"> \n#cmsmasters_row_69fc9bfa6dc2c .cmsmasters_row_outer_parent { \n\tpadding-top: 0px; \n} \n\n#cmsmasters_row_69fc9bfa6dc2c .cmsmasters_row_outer_parent { \n\tpadding-bottom: 0px; \n} \n\n \n#cmsmasters_heading_69fc9bfa6dd12 { \n\ttext-align:left; \n\tmargin-top:60px; \n\tmargin-bottom:20px; \n} \n\n#cmsmasters_heading_69fc9bfa6dd12 .cmsmasters_heading { \n\ttext-align:left; \n} \n\n#cmsmasters_heading_69fc9bfa6dd12 .cmsmasters_heading, #cmsmasters_heading_69fc9bfa6dd12 .cmsmasters_heading a { \n\tfont-weight:bold; \n\tfont-style:normal; \n} \n\n#cmsmasters_heading_69fc9bfa6dd12 .cmsmasters_heading_divider { \n} \n\n \n#cmsmasters_row_69fc9bfa6dd8a .cmsmasters_row_outer_parent { \n\tpadding-top: 0px; \n} \n\n#cmsmasters_row_69fc9bfa6dd8a .cmsmasters_row_outer_parent { \n\tpadding-bottom: 50px; \n} \n\n \n#cmsmasters_tabs_list_item_69fc9bfa6e0b2.current_tab:before { \n\tbackground-color:#f6882a;\n} \n\n#cmsmasters_tabs_list_item_69fc9bfa6e9d3.current_tab:before { \n\tbackground-color:#d43c18;\n} \n\n#cmsmasters_tabs_list_item_69fc9bfa6f0ae.current_tab:before { \n\tbackground-color:#1851a5;\n} \n\n\t\t\t\t#cmsmasters_gallery_69fc9bfa6e329 .cmsmasters_gallery {\n\t\t\t\t\tmargin:0 0 0 -10px;\n\t\t\t\t}\n\t\t\t\t\n\t\t\t\t#cmsmasters_gallery_69fc9bfa6e329 .cmsmasters_gallery .cmsmasters_gallery_item {\n\t\t\t\t\tpadding:0 0 10px 10px;\n\t\t\t\t}\n\t\t\t\n#cmsmasters_button_69fc9bfa6e96d { \n\tfloat:right; \n} \n\n#cmsmasters_button_69fc9bfa6e96d .cmsmasters_button:before { \n\tmargin-right:.5em; \n\tmargin-left:0; \n\tvertical-align:baseline; \n} \n\n#cmsmasters_button_69fc9bfa6e96d .cmsmasters_button { \n\tfont-size:20px; \n\tfont-weight:bold; \n\tfont-style:normal; \n\tpadding-right:30px; \n\tpadding-left:30px; \n\tborder-width:5px; \n\tborder-style:solid; \n\tbackground-color:#f6882a;\n\tcolor:#ffffff;\n\tborder-color:#f6892a;\n} \n#cmsmasters_button_69fc9bfa6e96d .cmsmasters_button:hover { \n\tbackground-color:#ffffff;\n\tcolor:#f6882a;\n\tborder-color:#f6882a;\n} \n\n\t\t\t\t#cmsmasters_gallery_69fc9bfa6eb6d .cmsmasters_gallery {\n\t\t\t\t\tmargin:0 0 0 -10px;\n\t\t\t\t}\n\t\t\t\t\n\t\t\t\t#cmsmasters_gallery_69fc9bfa6eb6d .cmsmasters_gallery .cmsmasters_gallery_item {\n\t\t\t\t\tpadding:0 0 10px 10px;\n\t\t\t\t}\n\t\t\t\n#cmsmasters_button_69fc9bfa6f04d { \n\tfloat:right; \n} \n\n#cmsmasters_button_69fc9bfa6f04d .cmsmasters_button:before { \n\tmargin-right:.5em; \n\tmargin-left:0; \n\tvertical-align:baseline; \n} \n\n#cmsmasters_button_69fc9bfa6f04d .cmsmasters_button { \n\tfont-size:20px; \n\tfont-weight:bold; \n\tfont-style:normal; \n\tpadding-right:30px; \n\tpadding-left:30px; \n\tborder-width:5px; \n\tborder-style:solid; \n\tbackground-color:#ce0607;\n\tcolor:#ffffff;\n\tborder-color:#ce0607;\n} \n#cmsmasters_button_69fc9bfa6f04d .cmsmasters_button:hover { \n\tbackground-color:#ffffff;\n\tcolor:#ce0607;\n\tborder-color:#ce0607;\n} \n\n\t\t\t\t#cmsmasters_gallery_69fc9bfa6f0ff .cmsmasters_gallery {\n\t\t\t\t\tmargin:0 0 0 -10px;\n\t\t\t\t}\n\t\t\t\t\n\t\t\t\t#cmsmasters_gallery_69fc9bfa6f0ff .cmsmasters_gallery .cmsmasters_gallery_item {\n\t\t\t\t\tpadding:0 0 10px 10px;\n\t\t\t\t}\n\t\t\t \n#cmsmasters_row_69fc9bfa6f64f .cmsmasters_row_outer_parent { \n\tpadding-top: 0px; \n} \n\n#cmsmasters_row_69fc9bfa6f64f .cmsmasters_row_outer_parent { \n\tpadding-bottom: 50px; \n} \n\n \n#cmsmasters_heading_69fc9bfa6f70c { \n\ttext-align:left; \n\tmargin-top:60px; \n\tmargin-bottom:20px; \n} \n\n#cmsmasters_heading_69fc9bfa6f70c .cmsmasters_heading { \n\ttext-align:left; \n} \n\n#cmsmasters_heading_69fc9bfa6f70c .cmsmasters_heading, #cmsmasters_heading_69fc9bfa6f70c .cmsmasters_heading a { \n\tfont-weight:bold; \n\tfont-style:normal; \n} \n\n#cmsmasters_heading_69fc9bfa6f70c .cmsmasters_heading_divider { \n} \n\n \n#cmsmasters_tabs_list_item_69fc9bfa6f79e.current_tab:before { \n\tbackground-color:#f6882a;\n} \n\n#cmsmasters_tabs_list_item_69fc9bfa6f986.current_tab:before { \n\tbackground-color:#d43c18;\n} \n\n\t\t\t\t#cmsmasters_gallery_69fc9bfa6f7e5 .cmsmasters_gallery {\n\t\t\t\t\tmargin:0 0 0 -10px;\n\t\t\t\t}\n\t\t\t\t\n\t\t\t\t#cmsmasters_gallery_69fc9bfa6f7e5 .cmsmasters_gallery .cmsmasters_gallery_item {\n\t\t\t\t\tpadding:0 0 10px 10px;\n\t\t\t\t}\n\t\t\t\n\t\t\t\t#cmsmasters_gallery_69fc9bfa6f9df .cmsmasters_gallery {\n\t\t\t\t\tmargin:0 0 0 -10px;\n\t\t\t\t}\n\t\t\t\t\n\t\t\t\t#cmsmasters_gallery_69fc9bfa6f9df .cmsmasters_gallery .cmsmasters_gallery_item {\n\t\t\t\t\tpadding:0 0 10px 10px;\n\t\t\t\t}\n\t\t\t \n#cmsmasters_row_69fc9bfa6fd5f .cmsmasters_row_outer_parent { \n\tpadding-top: 0px; \n} \n\n#cmsmasters_row_69fc9bfa6fd5f .cmsmasters_row_outer_parent { \n\tpadding-bottom: 50px; \n} \n\n \n#cmsmasters_heading_69fc9bfa6fe0c { \n\ttext-align:left; \n\tmargin-top:60px; \n\tmargin-bottom:20px; \n} \n\n#cmsmasters_heading_69fc9bfa6fe0c .cmsmasters_heading { \n\ttext-align:left; \n} \n\n#cmsmasters_heading_69fc9bfa6fe0c .cmsmasters_heading, #cmsmasters_heading_69fc9bfa6fe0c .cmsmasters_heading a { \n\tfont-weight:bold; \n\tfont-style:normal; \n} \n\n#cmsmasters_heading_69fc9bfa6fe0c .cmsmasters_heading_divider { \n} \n\n \n#cmsmasters_tabs_list_item_69fc9bfa6fe95.current_tab:before { \n\tbackground-color:#f6882a;\n} \n\n#cmsmasters_tabs_list_item_69fc9bfa7008b.current_tab:before { \n\tbackground-color:#d43c18;\n} \n\n\t\t\t\t#cmsmasters_gallery_69fc9bfa6fee6 .cmsmasters_gallery {\n\t\t\t\t\tmargin:0 0 0 -10px;\n\t\t\t\t}\n\t\t\t\t\n\t\t\t\t#cmsmasters_gallery_69fc9bfa6fee6 .cmsmasters_gallery .cmsmasters_gallery_item {\n\t\t\t\t\tpadding:0 0 10px 10px;\n\t\t\t\t}\n\t\t\t\n\t\t\t\t#cmsmasters_gallery_69fc9bfa700e0 .cmsmasters_gallery {\n\t\t\t\t\tmargin:0 0 0 -10px;\n\t\t\t\t}\n\t\t\t\t\n\t\t\t\t#cmsmasters_gallery_69fc9bfa700e0 .cmsmasters_gallery .cmsmasters_gallery_item {\n\t\t\t\t\tpadding:0 0 10px 10px;\n\t\t\t\t}\n\t\t\t<\/style><p><div id=\"cmsmasters_row_69fc9bfa6fd5f\" class=\"cmsmasters_row cmsmasters_color_scheme_default cmsmasters_row_top_default cmsmasters_row_bot_default cmsmasters_row_boxed\">\n<div class=\"cmsmasters_row_outer_parent\">\n<div class=\"cmsmasters_row_outer\">\n<div class=\"cmsmasters_row_inner\">\n<div class=\"cmsmasters_row_margin\">\n<div class=\"cmsmasters_column one_first\">\n\n<div id=\"cmsmasters_heading_69fc9bfa6fe0c\" class=\"cmsmasters_heading_wrap cmsmasters_heading_align_left\">\n\t<h1 class=\"cmsmasters_heading\">Studienprogramme an der Fachhochschule<\/h1>\n<\/div><div class=\"cmsmasters_text\">\n<p>Die Einf\u00fchrung der modernen Technologie und die Verfolgung der Rapid-Entwicklung stellt uns neue Herausforderungen und Anforderungen f\u00fcr professionelle Fachkr\u00e4fte, die in der Lage sind, selbstst\u00e4ndig schnelle Entscheidungen zu treffen.<\/p>\n<p>Einzelpersonen, die moderne Technologien bew\u00e4ltigen k\u00f6nnen, geh\u00f6ren zu den Sch\u00f6pfern der heutigen modernen industriellen Entwicklung und werden zunehmend nicht nur in Slowenien, sondern auch anderswo in der Welt gesucht, wo die Entwicklung moderner Technologien eine zunehmend wichtigere Rolle spielt.<\/p>\n<\/div>\n<div class=\"cmsmasters_text\">\n<p>&nbsp;<\/p>\n<p>&nbsp;<\/p>\n<\/div>\n \n<div class=\"cmsmasters_tabs tabs_mode_tab\">\n<ul class=\"cmsmasters_tabs_list\">\n<li id=\"cmsmasters_tabs_list_item_69fc9bfa6fe95\" class=\"cmsmasters_tabs_list_item current_tab\">\n<a href=\"#\" class=\"cmsmasters-icon-cog-alt\">\n<span>Maschinenbau<\/span>\n<\/a>\n<\/li><li id=\"cmsmasters_tabs_list_item_69fc9bfa7008b\" class=\"cmsmasters_tabs_list_item\">\n<a href=\"#\" class=\"cmsmasters-icon-cab\">\n<span>Autoreperaturmanagement<\/span>\n<\/a>\n<\/li><\/ul>\n<div class=\"cmsmasters_tabs_wrap\">\n<div id=\"cmsmasters_tab_69fc9bfa6fe95\" class=\"cmsmasters_tab active_tab\">\n<div class=\"cmsmasters_tab_inner\">\n<p>W\u00fcnschen Sie sich einem Team von kreativen und mutigen Menschen der Welt beitreten, die technologischen Fortschritt f\u00fchren? Wenn Ihre Antwort ist positiv ist, werden Sie unser Student und ein Maschinenbauingenieur.<\/p>\n<p>Fachhochstudium des Maschinenbaus ist abgestimmt auf die W\u00fcnsche und Bed\u00fcrfnisse der Unternehmen durch die Experten, die zus\u00e4tzliche Kenntnisse der modernen Techniken, der Produktion, Technologie, Bau und Instandhaltung haben, sowie, gute Wirtschafts- und F\u00fchrungskenntnisse. Der Schwerpunkt liegt auf dem Erwerb n\u00fctzlicher und praktischer Kenntnisse und Fertigkeiten, die zu einer hohen Besch\u00e4ftigungsf\u00e4higkeit unserer Absolventen f\u00fchren.<\/p>\n<p>W\u00e4hrend des Studiums k\u00f6nnen Sie zwischen Fachmodulen Automatisierung oder Energetik w\u00e4hlen und eine Spezialisierung auf einem Gebiet machen: Werkzeugbau, Produktion oder Instandhaltung.<\/p>\n<p>Nach dem Abschluss des Studiums und der erfolgreichen Pr\u00e4sentation der Diplomarbeit, erhalten Sie den Titel Ingenieur\/in des Maschinenbaus.<\/p>\n<p style=\"text-align: center;\"><div id=\"cmsmasters_gallery_69fc9bfa6fee6\" class=\"cmsmasters_gallery_wrap\" data-animation=\"fadeInUp\"><ul class=\"cmsmasters_gallery cmsmasters_2 cmsmasters_more_items_loader\"><li class=\"cmsmasters_gallery_item\"><figure><a href=\"https:\/\/www.tscmb.si\/wp-content\/uploads\/2017\/02\/strojnistvo-zunanjost-web.jpg\" rel=\"ilightbox[69fc9bfa6fee6]\"><img width=\"985\" height=\"696\" src=\"https:\/\/www.tscmb.si\/wp-content\/uploads\/2017\/02\/strojnistvo-zunanjost-web.jpg\" class=\"attachment-full size-full\" alt=\"\" loading=\"lazy\" srcset=\"https:\/\/www.tscmb.si\/wp-content\/uploads\/2017\/02\/strojnistvo-zunanjost-web.jpg 985w, https:\/\/www.tscmb.si\/wp-content\/uploads\/2017\/02\/strojnistvo-zunanjost-web-300x212.jpg 300w, https:\/\/www.tscmb.si\/wp-content\/uploads\/2017\/02\/strojnistvo-zunanjost-web-768x543.jpg 768w, https:\/\/www.tscmb.si\/wp-content\/uploads\/2017\/02\/strojnistvo-zunanjost-web-580x410.jpg 580w, https:\/\/www.tscmb.si\/wp-content\/uploads\/2017\/02\/strojnistvo-zunanjost-web-860x608.jpg 860w\" sizes=\"(max-width: 985px) 100vw, 985px\" \/><\/a><\/figure><\/li><li class=\"cmsmasters_gallery_item\"><figure><a href=\"https:\/\/www.tscmb.si\/wp-content\/uploads\/2017\/02\/strojnistvo-notranjost-web.jpg\" rel=\"ilightbox[69fc9bfa6fee6]\"><img width=\"985\" height=\"696\" src=\"https:\/\/www.tscmb.si\/wp-content\/uploads\/2017\/02\/strojnistvo-notranjost-web.jpg\" class=\"attachment-full size-full\" alt=\"\" loading=\"lazy\" srcset=\"https:\/\/www.tscmb.si\/wp-content\/uploads\/2017\/02\/strojnistvo-notranjost-web.jpg 985w, https:\/\/www.tscmb.si\/wp-content\/uploads\/2017\/02\/strojnistvo-notranjost-web-300x212.jpg 300w, https:\/\/www.tscmb.si\/wp-content\/uploads\/2017\/02\/strojnistvo-notranjost-web-768x543.jpg 768w, https:\/\/www.tscmb.si\/wp-content\/uploads\/2017\/02\/strojnistvo-notranjost-web-580x410.jpg 580w, https:\/\/www.tscmb.si\/wp-content\/uploads\/2017\/02\/strojnistvo-notranjost-web-860x608.jpg 860w\" sizes=\"(max-width: 985px) 100vw, 985px\" \/><\/a><\/figure><\/li><\/ul><script type=\"text\/javascript\">\n\t\t\t\tjQuery(document).ready(function () {\n\t\t\t\t\t(function ($) {\n\t\t\t\t\t\tif ($('#cmsmasters_gallery_69fc9bfa6fee6').find('.cmsmasters_gallery_item').length == '0') {\n\t\t\t\t\t\t\treturn false;\n\t\t\t\t\t\t}\n\t\t\t\t\t\t\n\t\t\t\t\t\t\n\t\t\t\t\t\tstartGallery( \n\t\t\t\t\t\t\t'69fc9bfa6fee6', \n\t\t\t\t\t\t\t'masonry', \n\t\t\t\t\t\t\t'false', \n\t\t\t\t\t\t\t'false' \n\t\t\t\t\t\t);\n\t\t\t\t\t} )(jQuery);\n\t\t\t\t} );\n\t\t\t<\/script>\n\t\t\t<\/div>\n<p style=\"text-align: right;\"><a href=\"http:\/\/www.tscmb.si\/de\/visja-strokovna-sola\/studijski-programi\/strojnistvo\/\">Mehr zum Maschinenbaustudium finden Sie unter diesem Link!<\/a><\/p>\n<\/div>\n<\/div><div id=\"cmsmasters_tab_69fc9bfa7008b\" class=\"cmsmasters_tab\">\n<div class=\"cmsmasters_tab_inner\">\n<p>Der Studiengang Autoreperaturmanagement bilden Sie sich f\u00fcr die F\u00fchrungspositionen in einer Werkstatt oder in einem Autohause aus, so wie Manager des Verkaufs von neuen und gebrauchten Fahrzeugen, Leiter des Weiterverkaufs, des Lagers, ein Assistent im Dienst der Beschwerden, ein unabh\u00e4ngiger H\u00e4ndler f\u00fcr die Verwaltung und Organisation eines eigenen Gesch\u00e4fts.<\/p>\n<p>W\u00e4hrend des Studiums k\u00f6nnen Sie zwischen Fachmodulen Business Management in der Automobilindustrie und der Verwaltung von Kraftfahrzeugen w\u00e4hlen.<\/p>\n<p>Nach dem Abschluss des Studiums und der erfolgreichen Pr\u00e4sentation der Diplomarbeit erwerben Sie den Titel KFZ Ingenieur\/in.<\/p>\n<p style=\"text-align: center;\"><div id=\"cmsmasters_gallery_69fc9bfa700e0\" class=\"cmsmasters_gallery_wrap\" data-animation=\"fadeInUp\" data-delay=\"0\"><ul class=\"cmsmasters_gallery cmsmasters_2 cmsmasters_more_items_loader\"><li class=\"cmsmasters_gallery_item\"><figure><a href=\"https:\/\/www.tscmb.si\/wp-content\/uploads\/2017\/02\/avtoservisni-zunanjost-web.jpg\" rel=\"ilightbox[69fc9bfa700e0]\"><img width=\"985\" height=\"696\" src=\"https:\/\/www.tscmb.si\/wp-content\/uploads\/2017\/02\/avtoservisni-zunanjost-web.jpg\" class=\"attachment-full size-full\" alt=\"\" loading=\"lazy\" srcset=\"https:\/\/www.tscmb.si\/wp-content\/uploads\/2017\/02\/avtoservisni-zunanjost-web.jpg 985w, https:\/\/www.tscmb.si\/wp-content\/uploads\/2017\/02\/avtoservisni-zunanjost-web-300x212.jpg 300w, https:\/\/www.tscmb.si\/wp-content\/uploads\/2017\/02\/avtoservisni-zunanjost-web-768x543.jpg 768w, https:\/\/www.tscmb.si\/wp-content\/uploads\/2017\/02\/avtoservisni-zunanjost-web-580x410.jpg 580w, https:\/\/www.tscmb.si\/wp-content\/uploads\/2017\/02\/avtoservisni-zunanjost-web-860x608.jpg 860w\" sizes=\"(max-width: 985px) 100vw, 985px\" \/><\/a><\/figure><\/li><li class=\"cmsmasters_gallery_item\"><figure><a href=\"https:\/\/www.tscmb.si\/wp-content\/uploads\/2017\/02\/avtoservisni-notranjost-web.jpg\" rel=\"ilightbox[69fc9bfa700e0]\"><img width=\"985\" height=\"696\" src=\"https:\/\/www.tscmb.si\/wp-content\/uploads\/2017\/02\/avtoservisni-notranjost-web.jpg\" class=\"attachment-full size-full\" alt=\"\" loading=\"lazy\" srcset=\"https:\/\/www.tscmb.si\/wp-content\/uploads\/2017\/02\/avtoservisni-notranjost-web.jpg 985w, https:\/\/www.tscmb.si\/wp-content\/uploads\/2017\/02\/avtoservisni-notranjost-web-300x212.jpg 300w, https:\/\/www.tscmb.si\/wp-content\/uploads\/2017\/02\/avtoservisni-notranjost-web-768x543.jpg 768w, https:\/\/www.tscmb.si\/wp-content\/uploads\/2017\/02\/avtoservisni-notranjost-web-580x410.jpg 580w, https:\/\/www.tscmb.si\/wp-content\/uploads\/2017\/02\/avtoservisni-notranjost-web-860x608.jpg 860w\" sizes=\"(max-width: 985px) 100vw, 985px\" \/><\/a><\/figure><\/li><\/ul><script type=\"text\/javascript\">\n\t\t\t\tjQuery(document).ready(function () {\n\t\t\t\t\t(function ($) {\n\t\t\t\t\t\tif ($('#cmsmasters_gallery_69fc9bfa700e0').find('.cmsmasters_gallery_item').length == '0') {\n\t\t\t\t\t\t\treturn false;\n\t\t\t\t\t\t}\n\t\t\t\t\t\t\n\t\t\t\t\t\t\n\t\t\t\t\t\tstartGallery( \n\t\t\t\t\t\t\t'69fc9bfa700e0', \n\t\t\t\t\t\t\t'masonry', \n\t\t\t\t\t\t\t'false', \n\t\t\t\t\t\t\t'false' \n\t\t\t\t\t\t);\n\t\t\t\t\t} )(jQuery);\n\t\t\t\t} );\n\t\t\t<\/script>\n\t\t\t<\/div>\n<p style=\"text-align: right;\"><a href=\"http:\/\/www.tscmb.si\/visja-strokovna-sola\/studijski-programi\/avtoservisni-menedzment\/\">Mehr zum Autoreperaturmanagement Studium finden sie unter diesem Link!<\/a><\/p>\n<\/div>\n<\/div><\/div>\n<\/div>\n<\/div>\n<\/div>\n<\/div>\n<\/div>\n<\/div>\n<\/div>\n<\/p>","protected":false},"excerpt":{"rendered":"","protected":false},"author":3,"featured_media":0,"parent":13677,"menu_order":0,"comment_status":"closed","ping_status":"closed","template":"","meta":[],"_links":{"self":[{"href":"https:\/\/www.tscmb.si\/de\/wp-json\/wp\/v2\/pages\/7055"}],"collection":[{"href":"https:\/\/www.tscmb.si\/de\/wp-json\/wp\/v2\/pages"}],"about":[{"href":"https:\/\/www.tscmb.si\/de\/wp-json\/wp\/v2\/types\/page"}],"author":[{"embeddable":true,"href":"https:\/\/www.tscmb.si\/de\/wp-json\/wp\/v2\/users\/3"}],"replies":[{"embeddable":true,"href":"https:\/\/www.tscmb.si\/de\/wp-json\/wp\/v2\/comments?post=7055"}],"version-history":[{"count":89,"href":"https:\/\/www.tscmb.si\/de\/wp-json\/wp\/v2\/pages\/7055\/revisions"}],"predecessor-version":[{"id":29437,"href":"https:\/\/www.tscmb.si\/de\/wp-json\/wp\/v2\/pages\/7055\/revisions\/29437"}],"up":[{"embeddable":true,"href":"https:\/\/www.tscmb.si\/de\/wp-json\/wp\/v2\/pages\/13677"}],"wp:attachment":[{"href":"https:\/\/www.tscmb.si\/de\/wp-json\/wp\/v2\/media?parent=7055"}],"curies":[{"name":"wp","href":"https:\/\/api.w.org\/{rel}","templated":true}]}}