{"id":7328,"date":"2017-02-06T20:02:44","date_gmt":"2017-02-06T19:02:44","guid":{"rendered":"http:\/\/www.kart.si\/tscmb\/?page_id=7328"},"modified":"2021-01-03T15:15:30","modified_gmt":"2021-01-03T14:15:30","slug":"spi-oblikovalec-kovin-orodjar","status":"publish","type":"page","link":"https:\/\/www.tscmb.si\/de\/srednja-sola\/izobrazevalni-programi\/spi-oblikovalec-kovin-orodjar\/","title":{"rendered":"Metalldesigner &#8211; Werkzeugmacher"},"content":{"rendered":"<style type=\"text\/css\"> \n#cmsmasters_divider_69f55614000aa { \n\tborder-bottom-width:2px; \n\tborder-bottom-style:dotted; \n\tpadding-top:20px; \n\tmargin-bottom:30px; \n\tborder-bottom-color:#f6882a;\n} \n \n#cmsmasters_divider_69f5561400285 { \n\tborder-bottom-width:2px; \n\tborder-bottom-style:dotted; \n\tpadding-top:20px; \n\tmargin-bottom:30px; \n\tborder-bottom-color:#f6882a;\n} \n<\/style><p><\/p>\n<h3><strong>Metalldesigner &#8211; Werkzeugmacher<\/strong><\/h3>\n<p>Beim Ausbildungsprogramm <strong>METALLDESIGNER &#8211; WERKZEUGMACHER<\/strong> handelt es sich um ein neues Programm, welches aufgrund der Aktualisierung von Bildungsprogrammen erstellt wurde.<\/p>\n<p>Das Neue an diesem Programm ist, dass der Bildungsinhalt auf berufliche Kompetenzen ausgerichtet ist. Die theoretischen Inhalte sind mit den fachlichen und praktischen Inhalten verkn\u00fcpft, und die Sch\u00fcler\/Auszubildenden erwerben w\u00e4hrend ihrer Ausbildung im Rahmen dieses Programms auch die von k\u00fcnftigen Arbeitgebern vorgeschlagenen Bildungsinhalte.<\/p>\n<p>Die Ausbildung dauert <strong>drei Jahre<\/strong> und endet mit der Abschlusspr\u00fcfung, die eine schriftliche und m\u00fcndliche Pr\u00fcfung in slowenischer Sprache sowie die Konzeption und Herstellung eines Produkts und dessen Pr\u00e4sentation umfasst.<\/p>\n\n<div id=\"cmsmasters_divider_69f5561400285\" class=\"cmsmasters_divider cmsmasters_divider_width_long cmsmasters_divider_pos_center\"><\/div>\n<div class=\"cmsmasters_text\">\n<\/div>\n\n<h3>WERKZEUGMACHER: LISTE DER SCHULF\u00c4CHER<\/h3>\n<div>\n<table width=\"625\">\n<thead>\n<tr>\n<td width=\"97\">Bezeichnung<\/td>\n<td width=\"157\">Programmeinheiten<\/td>\n<td width=\"100\">Obligatorisch \/optional<\/td>\n<td width=\"80\">Insgesamt Stunden<\/td>\n<td width=\"192\">Anzahl der Leistungspunkte<\/td>\n<\/tr>\n<\/thead>\n<tbody>\n<tr>\n<td colspan=\"2\" width=\"254\"><strong>A \u2013 Allgemeinbildende F\u00e4cher<\/strong><\/td>\n<td colspan=\"3\" width=\"371\"><\/td>\n<\/tr>\n<tr>\n<td width=\"97\">P1<\/td>\n<td width=\"157\">Slowenisch<\/td>\n<td width=\"100\">obligatorisch<\/td>\n<td width=\"80\">213<\/td>\n<td width=\"192\">12<\/td>\n<\/tr>\n<tr>\n<td width=\"97\">P2<\/td>\n<td width=\"157\">Mathematik<\/td>\n<td width=\"100\">obligatorisch<\/td>\n<td width=\"80\">213<\/td>\n<td width=\"192\">12<\/td>\n<\/tr>\n<tr>\n<td width=\"97\">P3<\/td>\n<td width=\"157\">Fremdsprache<\/td>\n<td width=\"100\">obligatorisch<\/td>\n<td width=\"80\">164<\/td>\n<td width=\"192\">9<\/td>\n<\/tr>\n<tr>\n<td width=\"97\">P4<\/td>\n<td width=\"157\">Kunsterziehung<\/td>\n<td width=\"100\">obligatorisch<\/td>\n<td width=\"80\">33<\/td>\n<td width=\"192\">2<\/td>\n<\/tr>\n<tr>\n<td width=\"97\">P5<\/td>\n<td width=\"157\">Sozialwissenschaften<\/td>\n<td width=\"100\">obligatorisch<\/td>\n<td width=\"80\">132<\/td>\n<td width=\"192\">6<\/td>\n<\/tr>\n<tr>\n<td width=\"97\">P6<\/td>\n<td width=\"157\">Naturwissenschaft<\/td>\n<td width=\"100\">obligatorisch<\/td>\n<td width=\"80\">132<\/td>\n<td width=\"192\">6<\/td>\n<\/tr>\n<tr>\n<td width=\"97\">P7<\/td>\n<td width=\"157\">Sport<\/td>\n<td width=\"100\">obligatorisch<\/td>\n<td width=\"80\">164<\/td>\n<td width=\"192\">7<\/td>\n<\/tr>\n<tr>\n<td colspan=\"2\" width=\"254\">Insgesamt A<\/td>\n<td width=\"100\"><\/td>\n<td width=\"80\">1051<\/td>\n<td width=\"192\">54<\/td>\n<\/tr>\n<tr>\n<td colspan=\"2\" width=\"254\"><strong>B \u2013 Fachmodule <\/strong><\/td>\n<td colspan=\"3\" width=\"371\"><\/td>\n<\/tr>\n<tr>\n<td width=\"97\">M1<\/td>\n<td width=\"157\">Technische Kommunikation im Beruf<\/td>\n<td width=\"100\">obligatorisch<\/td>\n<td width=\"80\">99<\/td>\n<td width=\"192\">4<\/td>\n<\/tr>\n<tr>\n<td width=\"97\">M2<\/td>\n<td width=\"157\">Werkstoffe und Verfahren im Beruf<\/td>\n<td width=\"100\">obligatorisch<\/td>\n<td width=\"80\">66<\/td>\n<td width=\"192\">3<\/td>\n<\/tr>\n<tr>\n<td width=\"97\">M3<\/td>\n<td width=\"157\">Konstruktionselemente<\/td>\n<td width=\"100\">obligatorisch<\/td>\n<td width=\"80\">66<\/td>\n<td width=\"192\">3<\/td>\n<\/tr>\n<tr>\n<td width=\"97\">M4<\/td>\n<td width=\"157\">Organisation und Gesch\u00e4ftsf\u00fchrung<\/td>\n<td width=\"100\">obligatorisch<\/td>\n<td width=\"80\">66<\/td>\n<td width=\"192\">3<\/td>\n<\/tr>\n<tr>\n<td width=\"97\">M5<\/td>\n<td width=\"157\">Grundlagen des Werkstoffdesigns<\/td>\n<td width=\"100\">obligatorisch<\/td>\n<td width=\"80\">99<\/td>\n<td width=\"192\">5<\/td>\n<\/tr>\n<tr>\n<td width=\"97\">M6<\/td>\n<td width=\"157\">CNC-Programmierung<\/td>\n<td width=\"100\">obligatorisch<\/td>\n<td width=\"80\">99<\/td>\n<td width=\"192\">5<\/td>\n<\/tr>\n<tr>\n<td width=\"97\">M7<\/td>\n<td width=\"157\">Automatisierung von Maschinen und Ger\u00e4ten<\/td>\n<td width=\"100\">obligatorisch<\/td>\n<td width=\"80\">99<\/td>\n<td width=\"192\">5<\/td>\n<\/tr>\n<tr>\n<td width=\"97\">M8<\/td>\n<td width=\"157\">Gestaltung von Werkstoffen<\/td>\n<td width=\"100\">optional<\/td>\n<td width=\"80\">235<\/td>\n<td width=\"192\">12<\/td>\n<\/tr>\n<tr>\n<td width=\"97\">M9<\/td>\n<td width=\"157\">Spezielle Bearbeitungsverfahren<\/td>\n<td width=\"100\">optional<\/td>\n<td width=\"80\">235<\/td>\n<td width=\"192\">12<\/td>\n<\/tr>\n<tr>\n<td width=\"97\">M10<\/td>\n<td width=\"157\">Werkzeuge und Vorrichtungen f\u00fcr die Massenproduktion<\/td>\n<td width=\"100\">optional<\/td>\n<td width=\"80\">235<\/td>\n<td width=\"192\">12<\/td>\n<\/tr>\n<tr>\n<td width=\"97\">M11<\/td>\n<td width=\"157\">Werkzeugmontage und Werkzeugpr\u00fcfung<\/td>\n<td width=\"100\">optional<\/td>\n<td width=\"80\">235<\/td>\n<td width=\"192\">12<\/td>\n<\/tr>\n<tr>\n<td colspan=\"3\" width=\"354\">Insgesamt B<\/td>\n<td width=\"80\">1064<\/td>\n<td width=\"192\">52<\/td>\n<\/tr>\n<tr>\n<td colspan=\"5\" width=\"625\">Davon Minimum f\u00fcr die praktische Ausbildung in der Schule:<\/td>\n<\/tr>\n<tr>\n<td colspan=\"5\" width=\"625\"><strong>C \u2013 <\/strong><strong>Praktische Ausbildung in der Schule<\/strong><\/td>\n<\/tr>\n<tr>\n<td width=\"97\"><\/td>\n<td colspan=\"2\" width=\"257\">Praktische Ausbildung<\/td>\n<td width=\"80\">655<\/td>\n<td width=\"192\">30<\/td>\n<\/tr>\n<tr>\n<td colspan=\"5\" width=\"625\"><strong>\u010c \u2013 <\/strong><strong>Praktische Ausbildung durch Arbeit<\/strong><\/td>\n<\/tr>\n<tr>\n<td width=\"97\"><\/td>\n<td colspan=\"2\" width=\"257\">Praktische Ausbildung durch Arbeit beim Arbeitgeber<\/td>\n<td width=\"80\">912<\/td>\n<td width=\"192\">40<\/td>\n<\/tr>\n<tr>\n<td colspan=\"5\" width=\"625\"><strong>D \u2013 Au\u00dferschulische Aktivit\u00e4ten<\/strong><\/p>\n<p><strong>\u00a0<\/strong><\/td>\n<\/tr>\n<tr>\n<td width=\"97\"><\/td>\n<td colspan=\"2\" width=\"257\">Au\u00dferschulische Aktivit\u00e4ten<\/td>\n<td width=\"80\">160<\/td>\n<td width=\"192\">6<\/td>\n<\/tr>\n<tr>\n<td colspan=\"5\" width=\"625\"><strong>E \u2013 Der offene Teil des Lehrplans<\/strong><\/td>\n<\/tr>\n<tr>\n<td width=\"97\"><\/td>\n<td colspan=\"2\" width=\"257\">Das offene Curriculum<\/td>\n<td width=\"80\">591<\/td>\n<td width=\"192\">26<\/td>\n<\/tr>\n<tr>\n<td colspan=\"5\" width=\"625\"><\/td>\n<\/tr>\n<tr>\n<td colspan=\"3\" width=\"354\">Unterrichtsstunden gesamt (A + B + E)<\/td>\n<td width=\"80\">2706<\/td>\n<td width=\"192\">132<\/td>\n<\/tr>\n<tr>\n<td colspan=\"3\" width=\"354\">Praktische Ausbildung gesamt (C+\u010c)<\/td>\n<td width=\"80\">1567<\/td>\n<td width=\"192\">70<\/td>\n<\/tr>\n<tr>\n<td colspan=\"3\" width=\"354\">Ausbildung in der Schule gesamt (A+B+D+E)<\/td>\n<td width=\"80\">2866<\/td>\n<td width=\"192\">138<\/td>\n<\/tr>\n<tr>\n<td colspan=\"3\" width=\"354\">Gesamt (A+B+\u010c+D+E)<\/td>\n<td width=\"80\">3778<\/td>\n<td width=\"192\">178<\/td>\n<\/tr>\n<tr>\n<td colspan=\"4\" width=\"433\">Abschlusspr\u00fcfung (Design und Produktion eines Produkts oder einer Dienstleistung und deren Pr\u00e4sentation)<\/td>\n<td width=\"192\">2<\/td>\n<\/tr>\n<tr>\n<td colspan=\"4\" width=\"433\">Anzahl der Leistungspunkte gesamt<\/td>\n<td width=\"192\">180<\/td>\n<\/tr>\n<tr>\n<td colspan=\"5\" width=\"625\"><\/td>\n<\/tr>\n<tr>\n<td colspan=\"3\" width=\"354\">Anzahl der Schulwochen<\/td>\n<td width=\"80\">82<\/td>\n<td width=\"192\"><\/td>\n<\/tr>\n<tr>\n<td colspan=\"3\" width=\"354\">Anzahl der Wochen der praktischen Ausbildung in Betrieben<\/td>\n<td width=\"80\">24<\/td>\n<td width=\"192\"><\/td>\n<\/tr>\n<tr>\n<td colspan=\"3\" width=\"354\">Anzahl der Wochen der au\u00dferschulischen Aktivit\u00e4ten<\/td>\n<td width=\"80\">5<\/td>\n<td width=\"192\"><\/td>\n<\/tr>\n<tr>\n<td colspan=\"3\" width=\"354\">Gesamtzahl der Unterrichtswochen<\/td>\n<td width=\"80\">111<\/td>\n<td width=\"192\"><\/td>\n<\/tr>\n<\/tbody>\n<\/table>\n<\/div>\n<p>Optionale professionelle Module: Die Schule oder der Sch\u00fcler w\u00e4hlt 2 der 4 optionalen professionellen Module M8 bis M11 aus.<\/p>","protected":false},"excerpt":{"rendered":"<p>Metalldesigner &#8211; Werkzeugmacher Beim Ausbildungsprogramm METALLDESIGNER &#8211; WERKZEUGMACHER handelt es sich um ein neues Programm, welches aufgrund der Aktualisierung von Bildungsprogrammen erstellt wurde. Das Neue an diesem Programm ist, dass der Bildungsinhalt auf berufliche Kompetenzen ausgerichtet ist. Die theoretischen Inhalte sind mit den fachlichen und praktischen Inhalten verkn\u00fcpft, und die Sch\u00fcler\/Auszubildenden erwerben w\u00e4hrend ihrer Ausbildung&#8230;<\/p>\n","protected":false},"author":3,"featured_media":0,"parent":7658,"menu_order":0,"comment_status":"closed","ping_status":"closed","template":"","meta":[],"_links":{"self":[{"href":"https:\/\/www.tscmb.si\/de\/wp-json\/wp\/v2\/pages\/7328"}],"collection":[{"href":"https:\/\/www.tscmb.si\/de\/wp-json\/wp\/v2\/pages"}],"about":[{"href":"https:\/\/www.tscmb.si\/de\/wp-json\/wp\/v2\/types\/page"}],"author":[{"embeddable":true,"href":"https:\/\/www.tscmb.si\/de\/wp-json\/wp\/v2\/users\/3"}],"replies":[{"embeddable":true,"href":"https:\/\/www.tscmb.si\/de\/wp-json\/wp\/v2\/comments?post=7328"}],"version-history":[{"count":23,"href":"https:\/\/www.tscmb.si\/de\/wp-json\/wp\/v2\/pages\/7328\/revisions"}],"predecessor-version":[{"id":18083,"href":"https:\/\/www.tscmb.si\/de\/wp-json\/wp\/v2\/pages\/7328\/revisions\/18083"}],"up":[{"embeddable":true,"href":"https:\/\/www.tscmb.si\/de\/wp-json\/wp\/v2\/pages\/7658"}],"wp:attachment":[{"href":"https:\/\/www.tscmb.si\/de\/wp-json\/wp\/v2\/media?parent=7328"}],"curies":[{"name":"wp","href":"https:\/\/api.w.org\/{rel}","templated":true}]}}