{"id":8167,"date":"2017-03-03T13:31:51","date_gmt":"2017-03-03T12:31:51","guid":{"rendered":"http:\/\/www.tscmb.si\/?page_id=8167"},"modified":"2023-02-14T14:14:43","modified_gmt":"2023-02-14T13:14:43","slug":"karierni-center","status":"publish","type":"page","link":"https:\/\/www.tscmb.si\/de\/karierni-center\/","title":{"rendered":"Das Karrierezentrum"},"content":{"rendered":"<style type=\"text\/css\"> \n#cmsmasters_row_69fce04d5ebf7 .cmsmasters_row_outer_parent { \n\tpadding-top: 0px; \n} \n\n#cmsmasters_row_69fce04d5ebf7 .cmsmasters_row_outer_parent { \n\tpadding-bottom: 50px; \n} \n\n\n#cmsmasters_button_69fce04d5ecda { \n\ttext-align:center; \n} \n\n#cmsmasters_button_69fce04d5ecda .cmsmasters_button:before { \n\tmargin-right:.5em; \n\tmargin-left:0; \n\tvertical-align:baseline; \n} \n\n#cmsmasters_button_69fce04d5ecda .cmsmasters_button { \n\tfont-family:'Titillium Web'; \n\tfont-size:30px; \n\tline-height:60px; \n\tfont-weight:bold; \n\tfont-style:normal; \n\tborder-style:solid; \n\tbackground-color:#f6882a;\n\tcolor:#ffffff;\n} \n#cmsmasters_button_69fce04d5ecda .cmsmasters_button:hover { \n\tbackground-color:#d43c18;\n} \n \n#cmsmasters_row_69fce04d5ed2b .cmsmasters_row_outer_parent { \n\tpadding-top: 0px; \n} \n\n#cmsmasters_row_69fce04d5ed2b .cmsmasters_row_outer_parent { \n\tpadding-bottom: 50px; \n} \n\n \n#cmsmasters_row_69fce04d5eed7 .cmsmasters_row_outer_parent { \n\tpadding-top: 0px; \n} \n\n#cmsmasters_row_69fce04d5eed7 .cmsmasters_row_outer_parent { \n\tpadding-bottom: 50px; \n} \n\n\n#cmsmasters_button_69fce04d5ef2b { \n\ttext-align:center; \n} \n\n#cmsmasters_button_69fce04d5ef2b .cmsmasters_button:before { \n\tmargin-right:.5em; \n\tmargin-left:0; \n\tvertical-align:baseline; \n} \n\n#cmsmasters_button_69fce04d5ef2b .cmsmasters_button { \n\tfont-family:'Titillium Web'; \n\tfont-size:30px; \n\tline-height:60px; \n\tfont-weight:bold; \n\tfont-style:normal; \n\tborder-style:solid; \n\tbackground-color:#f6882a;\n\tcolor:#ffffff;\n} \n#cmsmasters_button_69fce04d5ef2b .cmsmasters_button:hover { \n\tbackground-color:#d43c18;\n} \n \n#cmsmasters_row_69fce04d5ef59 .cmsmasters_row_outer_parent { \n\tpadding-top: 0px; \n} \n\n#cmsmasters_row_69fce04d5ef59 .cmsmasters_row_outer_parent { \n\tpadding-bottom: 50px; \n} \n\n \n#cmsmasters_row_69fce04d5f0c3 .cmsmasters_row_outer_parent { \n\tpadding-top: 0px; \n} \n\n#cmsmasters_row_69fce04d5f0c3 .cmsmasters_row_outer_parent { \n\tpadding-bottom: 50px; \n} \n\n\n#cmsmasters_button_69fce04d5f106 { \n\ttext-align:center; \n} \n\n#cmsmasters_button_69fce04d5f106 .cmsmasters_button:before { \n\tmargin-right:.5em; \n\tmargin-left:0; \n\tvertical-align:baseline; \n} \n\n#cmsmasters_button_69fce04d5f106 .cmsmasters_button { \n\tfont-family:'Titillium Web'; \n\tfont-size:30px; \n\tline-height:60px; \n\tfont-weight:bold; \n\tfont-style:normal; \n\tborder-style:solid; \n\tbackground-color:#f6882a;\n\tcolor:#ffffff;\n} \n#cmsmasters_button_69fce04d5f106 .cmsmasters_button:hover { \n\tbackground-color:#d43c18;\n} \n \n#cmsmasters_row_69fce04d5f130 .cmsmasters_row_outer_parent { \n\tpadding-top: 0px; \n} \n\n#cmsmasters_row_69fce04d5f130 .cmsmasters_row_outer_parent { \n\tpadding-bottom: 50px; \n} \n\n<\/style><p><div id=\"cmsmasters_row_69fce04d5eff4\" class=\"cmsmasters_row cmsmasters_color_scheme_default cmsmasters_row_top_default cmsmasters_row_bot_default cmsmasters_row_boxed\">\n<div class=\"cmsmasters_row_outer_parent\">\n<div class=\"cmsmasters_row_outer\">\n<div class=\"cmsmasters_row_inner\">\n<div class=\"cmsmasters_row_margin\">\n<div class=\"cmsmasters_column one_first\">\n<div class=\"cmsmasters_text\">\n<h2>Das Karrierezentrum des Technischen Schulzentrums Maribor<\/h2>\n<p>Wir werden nicht nur von Unternehmen, sondern auch von Einzelpersonen mit dem Begriff des Marktwerts konfrontiert und fragen uns daher zunehmend: &#8220;Was kann ich besser als andere?&#8221;, &#8220;Was wei\u00df ich, kann und will ich?&#8221; Es sind die F\u00e4higkeiten und Fertigkeiten des Einzelnen, die f\u00fcr die Auswahl und Annahme eines Arbeitsplatzes ausschlaggebend sind. Jobsuche, Arbeitsleistung, pers\u00f6nliche Zufriedenheit &#8230; sind zu Kategorien geworden, in denen sich immer mehr Menschen bewusst werden, dass sie auf sich selbst angewiesen sind und nicht das Ergebnis von Zufall, Gl\u00fcck oder h\u00f6herer Gewalt sind. Nur wir selbst k\u00f6nnen f\u00fcr unseren Erfolg und unsere Zufriedenheit am Arbeitsplatz und in unserem Privatleben sorgen. Wir m\u00fcssen lernen, unsere Reise angesichts von Widrigkeiten schnell und mutig fortzusetzen und effektiv mit Problemen umzugehen, denn &#8211; wie die alte Weisheit sagt:<\/p>\n<blockquote>\n<p><strong>Wir betreten die Zukunft nicht, wir k\u00f6nnen sie nur erschaffen.<\/strong><\/p>\n<\/blockquote>\n<p>Das Karrierezentrum richtet sich an alle Sch\u00fcler, Studenten und Teilnehmer der Erwachsenenbildung im Technischen Schulzentrum Maribor. Wir m\u00f6chten, dass Sie auf dieser Website alles finden, was Sie interessiert und was Sie \u00fcber sich selbst, Ihre F\u00e4higkeiten, Ihre Karriere und Ihre Suche nach einem zuk\u00fcnftigen Job wissen sollten. Das Karrierezentrum bietet Ihnen folgende Leistungen an:<\/p>\n<ul>\n<li>Informationen \u00fcber aktuelle Stellenangebote bei Arbeitgebern, mit denen die Schule zusammenarbeitet,<\/li>\n<li>zus\u00e4tzliche Ausbildung zur Arbeitssuche,<\/li>\n<li>Anweisungen zum Schreiben von Anschreiben, Lebensl\u00e4ufen,<\/li>\n<li>Vorbereitung auf das Vorstellungsgespr\u00e4ch,<\/li>\n<li>Pr\u00fcfung zur Ermittlung Ihrer Interessen,<\/li>\n<li>F\u00f6rderung des pers\u00f6nlichen Wachstums und der beruflichen Entwicklung&#8230;<\/li>\n<\/ul>\n<p>Durch die Pr\u00e4sentationen auf der Website des Karrierezentrums k\u00f6nnen Sie auch verschiedene Arbeitgeber und deren Personalbedarf kennenlernen.<\/p>\n<p>&nbsp;<\/p>\n<\/div>\n<\/div>\n<\/div>\n<\/div>\n<\/div>\n<\/div>\n<\/div>\n<div id=\"cmsmasters_row_69fce04d5f0c3\" class=\"cmsmasters_row cmsmasters_color_scheme_default cmsmasters_row_top_default cmsmasters_row_bot_default cmsmasters_row_boxed\">\n<div class=\"cmsmasters_row_outer_parent\">\n<div class=\"cmsmasters_row_outer\">\n<div class=\"cmsmasters_row_inner cmsmasters_row_no_margin\">\n<div class=\"cmsmasters_row_margin\">\n<div class=\"cmsmasters_column one_first\">\n\n<div id=\"cmsmasters_button_69fce04d5f106\" class=\"button_wrap\"><a href=\"http:\/\/www.tscmb.si\/de\/karierni-center\/ponudba-del\/\" class=\"cmsmasters_button cmsmasters_but_clear_styles cmsmasters_but_bg_hover\"><span>Aktuelles Arbeitsangebot<\/span><\/a><\/div>\n<\/div>\n<\/div>\n<\/div>\n<\/div>\n<\/div>\n<\/div>\n<div id=\"cmsmasters_row_69fce04d5f130\" class=\"cmsmasters_row cmsmasters_color_scheme_default cmsmasters_row_top_default cmsmasters_row_bot_default cmsmasters_row_boxed\">\n<div class=\"cmsmasters_row_outer_parent\">\n<div class=\"cmsmasters_row_outer\">\n<div class=\"cmsmasters_row_inner\">\n<div class=\"cmsmasters_row_margin\">\n<div class=\"cmsmasters_column one_first\">\n<div class=\"cmsmasters_text\">\n<p>Alle Informationen erhalten Sie unter den folgenden Telefonnummern und E-Mail-Adressen:<\/p>\n<h4>H\u00f6here Fachschule:<\/h4>\n<p><a href=\"mailto:referat@tscmb.si\">referat@tscmb.si<\/a>,\u00a0tel: +386 2 229 57 59<a href=\"mailto:referat@tscmb.si\"><br \/>\n<\/a><a href=\"mailto:ravnatelj.vss@tscmb.si\">ravnatelj.vss@tscmb.si<\/a>,\u00a0+386 2 460 51 67<\/p>\n<h4>Mittelschule:<\/h4>\n<p><a href=\"mailto:ana.kotnik.krajnc@tscmb.si\">ana.kotnik.krajnc@tscmb.si<\/a>, +386 2 229 57 60<br \/>\n<a href=\"mailto:ales.smole@tscmb.si\">ales.smole@tscmb.si<\/a>, +386 2 229 57 57<\/p>\n<\/div>\n<\/div>\n<\/div>\n<\/div>\n<\/div>\n<\/div>\n<\/div>\n<\/p>","protected":false},"excerpt":{"rendered":"","protected":false},"author":3,"featured_media":0,"parent":0,"menu_order":0,"comment_status":"closed","ping_status":"closed","template":"","meta":[],"_links":{"self":[{"href":"https:\/\/www.tscmb.si\/de\/wp-json\/wp\/v2\/pages\/8167"}],"collection":[{"href":"https:\/\/www.tscmb.si\/de\/wp-json\/wp\/v2\/pages"}],"about":[{"href":"https:\/\/www.tscmb.si\/de\/wp-json\/wp\/v2\/types\/page"}],"author":[{"embeddable":true,"href":"https:\/\/www.tscmb.si\/de\/wp-json\/wp\/v2\/users\/3"}],"replies":[{"embeddable":true,"href":"https:\/\/www.tscmb.si\/de\/wp-json\/wp\/v2\/comments?post=8167"}],"version-history":[{"count":35,"href":"https:\/\/www.tscmb.si\/de\/wp-json\/wp\/v2\/pages\/8167\/revisions"}],"predecessor-version":[{"id":22983,"href":"https:\/\/www.tscmb.si\/de\/wp-json\/wp\/v2\/pages\/8167\/revisions\/22983"}],"wp:attachment":[{"href":"https:\/\/www.tscmb.si\/de\/wp-json\/wp\/v2\/media?parent=8167"}],"curies":[{"name":"wp","href":"https:\/\/api.w.org\/{rel}","templated":true}]}}