{"id":9165,"date":"2017-05-08T11:07:36","date_gmt":"2017-05-08T10:07:36","guid":{"rendered":"http:\/\/www.tscmb.si\/?page_id=9165"},"modified":"2026-01-29T12:10:16","modified_gmt":"2026-01-29T10:10:16","slug":"erasmus-za-studente","status":"publish","type":"page","link":"https:\/\/www.tscmb.si\/de\/visja-strokovna-sola\/erasmus\/erasmus-za-studente\/","title":{"rendered":"Erasmus+ f\u00fcr Studenten"},"content":{"rendered":"<style type=\"text\/css\"> \n#cmsmasters_divider_69f63214c0fad { \n\tborder-bottom-width:1px; \n\tborder-bottom-style:solid; \n\tpadding-top:30px; \n\tmargin-bottom:40px; \n} \n \n#cmsmasters_row_69f63214c11e4 .cmsmasters_row_outer_parent { \n\tpadding-top: 40px; \n} \n\n#cmsmasters_row_69f63214c11e4 .cmsmasters_row_outer_parent { \n\tpadding-bottom: 0px; \n} \n\n \n#cmsmasters_divider_69f63214c1452 { \n\tborder-bottom-width:1px; \n\tborder-bottom-style:solid; \n\tpadding-top:50px; \n\tmargin-bottom:50px; \n} \n \n#cmsmasters_divider_69f63214c16b8 { \n\tborder-bottom-width:1px; \n\tborder-bottom-style:solid; \n\tpadding-top:50px; \n\tmargin-bottom:50px; \n} \n \n#cmsmasters_row_69f63214c16e7 { \n\tbackground-color:#f4f4f4;\n} \n\n#cmsmasters_row_69f63214c16e7 .cmsmasters_row_outer_parent { \n\tpadding-top: 5px; \n} \n\n#cmsmasters_row_69f63214c16e7 .cmsmasters_row_outer_parent { \n\tpadding-bottom: 5px; \n} \n\n#cmsmasters_row_69f63214c16e7 .cmsmasters_row_inner.cmsmasters_row_fullwidth { \n\tpadding-left:5%; \n} \n#cmsmasters_row_69f63214c16e7 .cmsmasters_row_inner.cmsmasters_row_fullwidth { \n\tpadding-right:5%; \n} \n \n#cmsmasters_row_69f63214c17a3 { \n\tbackground-color:#e1e1e1;\n} \n\n#cmsmasters_row_69f63214c17a3 .cmsmasters_row_outer_parent { \n\tpadding-top: 10px; \n} \n\n#cmsmasters_row_69f63214c17a3 .cmsmasters_row_outer_parent { \n\tpadding-bottom: 5px; \n} \n\n#cmsmasters_row_69f63214c17a3 .cmsmasters_row_inner.cmsmasters_row_fullwidth { \n\tpadding-left:5%; \n} \n#cmsmasters_row_69f63214c17a3 .cmsmasters_row_inner.cmsmasters_row_fullwidth { \n\tpadding-right:5%; \n} \n \n#cmsmasters_row_69f63214c1883 .cmsmasters_row_outer_parent { \n\tpadding-top: 0px; \n} \n\n#cmsmasters_row_69f63214c1883 .cmsmasters_row_outer_parent { \n\tpadding-bottom: 50px; \n} \n\n \n#cmsmasters_divider_69f63214c1a11 { \n\tborder-bottom-width:1px; \n\tborder-bottom-style:solid; \n\tpadding-top:50px; \n\tmargin-bottom:50px; \n} \n \n#cmsmasters_heading_69f63214c1a30 { \n\ttext-align:left; \n\tmargin-top:0px; \n\tmargin-bottom:20px; \n} \n\n#cmsmasters_heading_69f63214c1a30 .cmsmasters_heading { \n\ttext-align:left; \n} \n\n#cmsmasters_heading_69f63214c1a30 .cmsmasters_heading, #cmsmasters_heading_69f63214c1a30 .cmsmasters_heading a { \n\tfont-weight:bold; \n\tfont-style:normal; \n} \n\n#cmsmasters_heading_69f63214c1a30 .cmsmasters_heading_divider { \n} \n\n \n#cmsmasters_tabs_list_item_69f63214c1b0c.current_tab:before { \n\tbackground-color:#d43c18;\n} \n\n#cmsmasters_tabs_list_item_69f63214c1d38.current_tab:before { \n\tbackground-color:#5173a6;\n} \n \n#cmsmasters_row_69f63214c1fcf .cmsmasters_row_outer_parent { \n\tpadding-top: 0px; \n} \n\n#cmsmasters_row_69f63214c1fcf .cmsmasters_row_outer_parent { \n\tpadding-bottom: 50px; \n} \n\n \n#cmsmasters_divider_69f63214c2341 { \n\tborder-bottom-width:1px; \n\tborder-bottom-style:solid; \n\tpadding-top:50px; \n\tmargin-bottom:50px; \n} \n<\/style><p><\/p>\n<div class=\"centerbottom_out\">\n<table class=\"cmsmasters_table\"><caption><\/caption><thead><tr class=\"cmsmasters_table_row_header\"><th class=\"cmsmasters_table_cell_alignleft\">Dr\u017eave gostiteljice<\/th><th class=\"cmsmasters_table_cell_alignleft\">Dotacija (EUR\/mesec)<\/th><\/tr><\/thead><tr><td class=\"cmsmasters_table_cell_alignleft\">Gruppe 1 &#8211; L\u00e4nder mit h\u00f6heren Lebenshaltungskosten: D\u00e4nemark, Finnland, Island, Irland, Luxemburg, Liechtenstein, Norwegen, Schweden, Vereinigtes K\u00f6nigreich.<\/td><td class=\"cmsmasters_table_cell_alignleft\">674 EUR\/Monat<\/td><\/tr><tr><td class=\"cmsmasters_table_cell_alignleft\">Gruppe 2 &#8211; L\u00e4nder mit mittleren Lebenshaltungskosten: \u00d6sterreich, Belgien, Zypern, Griechenland, Deutschland, Niederlande, Portugal, Spanien, Malta, Frankreich, Italien.<\/td><td class=\"cmsmasters_table_cell_alignleft\">674 EUR\/Monat<\/td><\/tr><tr><td class=\"cmsmasters_table_cell_alignleft\">Gruppe 3 &#8211; L\u00e4nder mit niedrigeren Lebenshaltungskosten: Bulgarien, Kroatien, Tschechische Republik, Estland, Lettland, Litauen, Ungarn, Nordmakedonien, Polen, Rum\u00e4nien, Slowakei, T\u00fcrkei, Serbien.<\/td><td class=\"cmsmasters_table_cell_alignleft\">606 EUR\/Monat<\/td><\/tr><\/table>\n<h3><\/h3>\n<h3><strong>Studentenmobilit\u00e4t f\u00fcr das Praktikum (d. H. Praktische Ausbildung)<\/strong><\/h3>\n<p>Studierende, die das Praktikum im Ausland absolvieren, erhalten einen zus\u00e4tzlichen <strong>einmaligen Betrag aus einem EU-Stipendium in H\u00f6he von 150 EUR\/Monat<\/strong>.<\/p>\n<h3><b>Studierende aus benachteiligten Verh\u00e4ltnissen (au\u00dfer Studierende mit besonderen Bed\u00fcrfnissen)<\/b><\/h3>\n<p>Das Stipendium f\u00fcr Studierende mit benachteiligtem Hintergrund wird nicht aus Mitteln von Erasmus + gew\u00e4hrt. Die Finanzierung f\u00fcr eine Zulage f\u00fcr diese Studenten erfolgt durch das Ministerium f\u00fcr Bildung, Wissenschaft und Sport. Studierende mit weniger M\u00f6glichkeiten erhalten unabh\u00e4ngig von der Art der Mobilit\u00e4t eine h\u00f6here Zulage als die oben genannten Zulagen (d.h. ein benachteiligter Studierender erh\u00e4lt eine h\u00f6here Zulage; der Studierende erh\u00e4lt nur eine Zulage).<\/p>\n<p>Die Berechtigung des Sch\u00fclers, den Anreiz f\u00fcr sozial Benachteiligte zu zahlen, wird durch den Nachweis belegt, t. j. eine g\u00fcltige Entscheidung des Zentrums f\u00fcr Sozialarbeit (CSD-Entscheidung), die impliziert, dass entweder ein Student oder ein Mitglied eines gemeinsamen Haushalts ein Staatsstipendium, ein Kinderbetreuungsgeld, ein Kindergeld oder eine finanzielle Sozialhilfe erh\u00e4lt oder Anspruch auf das sogenannte Gro\u00dffamiliengeld hat (sofern dies der Fall ist). Das Sozialarbeitszentrum gibt nicht den Namen des Studenten an, sondern es muss eine Bescheinigung aus dem Haushaltsregister vorgelegt werden, aus der hervorgeht, dass der Student in einem gemeinsamen Haushalt mit einer Person lebt, die Anspruch auf eines der sozialen Rechte hat, oder ein Dokument (z. B. eine eingereichte Bescheinigung \u00fcber den Antrag). um eine Entscheidung des Zentrums f\u00fcr Sozialarbeit zu erhalten), den Nachweis, dass er sich an das Zentrum f\u00fcr Sozialarbeit gewandt hat, um eine Entscheidung des Zentrums f\u00fcr Sozialarbeit zu erhalten (die Entscheidung des Zentrums f\u00fcr Sozialarbeit muss vom Studenten nachgereicht werden). Bei ausl\u00e4ndischen Studierenden m\u00fcssen andere relevante Nachweise erbracht werden, aus denen hervorgeht, dass die Studierenden aus sozial benachteiligten Verh\u00e4ltnissen stammen.<\/p>\n<p><strong>Weitere Informationen und Anmeldungsformulare finden Sie <a href=\"http:\/\/www.mizs.gov.si\/si\/javne_objave_in_razpisi\/okroznice\/arhiv_okroznic\/okroznice_razpisi_in_javna_narocila\/javni_razpisi\/?tx_t3javnirazpis_pi1%5Bshow_single%5D=1625\" target=\"_blank\" rel=\"noopener noreferrer\">HIER<\/a>.<\/strong><\/p>\n<h3><strong>Zus\u00e4tzliche Ressourcen f\u00fcr behinderte Mobilit\u00e4tsteilnehmer mit besonderen Bed\u00fcrfnissen<\/strong><\/h3>\n<p><strong>Studierende mit besonderen Bed\u00fcrfnissen<\/strong>, die f\u00fcr den Erasmus-Austausch best\u00e4tigt werden, k\u00f6nnen eine zus\u00e4tzliche Finanzierung mit Erasmus-EU-Stipendien beantragen.<\/p>\n<p><strong>Weitere Informationen und Anmeldung finden Sie <a href=\"http:\/\/www.erasmusplus.si\/wp-content\/uploads\/2018\/05\/Poziv-KA107-PP_2018.pdf\" target=\"_blank\" rel=\"noopener noreferrer\">HIER<\/a>.<\/strong><\/p>\n<\/div>\n<h3><strong>Erg\u00e4nzung zum Erasmus Ad Futura-Stipendium<\/strong><\/h3>\n<div class=\"centerbottom_out\">\n<p>Auf der Website des \u00f6ffentlichen Fonds f\u00fcr Stipendien, Entwicklung, Behinderung und Erhaltung der Republik Slowenien <a href=\"http:\/\/www.sklad-kadri.si\/si\/razpisi-in-objave\/razpis\/n\/stipendije-za-studijske-obiske-studentov-v-okviru-programa-erasmus-2018-259-jr\/\" target=\"_blank\" rel=\"noopener noreferrer\">wird die \u00f6ffentliche Aufforderung zur Einreichung von Vorschl\u00e4gen f\u00fcr Ad-Futura-Stipendien f\u00fcr Studienaufenthalte von Studenten im Rahmen des Erasmus-Auslandsprogramms f\u00fcr 2018 ver\u00f6ffentlicht.<\/a> .<\/p>\n<p>Ein zus\u00e4tzlicher Betrag von <strong>64 EUR\/Monat<\/strong> ist vorgesehen. im Verh\u00e4ltnis zur Dauer der Mobilit\u00e4t des Studenten (2 EUR\/Tag).<\/p>\n\n<div id=\"cmsmasters_divider_69f63214c2341\" class=\"cmsmasters_divider cmsmasters_divider_width_long cmsmasters_divider_pos_center\"><\/div>\n<h3><strong>ALLGEMEINE BEDINGUNGEN<\/strong><\/h3>\n<p>Studierende k\u00f6nnen sich in einem der Partnerl\u00e4nder f\u00fcr zwei Arten bzw. Formen des Erasmus-Austauschs entscheiden:<\/p>\n<ul>\n<li><strong>Studienaustausch (Dauer 3-12 Monate)<\/strong><\/li>\n<li>Ausbildung bzw. Praktikum (von 2 bis 12 Monaten)<\/li>\n<\/ul>\n<p>Der Student muss bestimmte allgemeine und Mindestanforderungen erf\u00fcllen:<\/p>\n<ul>\n<li>An der Einrichtung, die die Erasmus-Charta besitzt, muss ein solcher Student einen Studentenstatus haben, was bedeutet, dass er mindestens ein Erstsemester sein muss, um eine Mobilit\u00e4tsausbildung durchzuf\u00fchren, und dass mindestens ein Zweitsemester erforderlich ist, um eine Mobilit\u00e4tsausbildung durchzuf\u00fchren.<\/li>\n<li>F\u00fcr den Austausch k\u00f6nnen Studierende eine Einrichtung w\u00e4hlen, die eine Erasmus-Charta (f\u00fcr das Studium) oder eine Firma (f\u00fcr die Ausbildung) in einem der teilnehmenden L\u00e4nder besitzt, und die Heimatinstitution muss Inhaber einer ECHE-Charta sein.<\/li>\n<li>Vor der Abreise zu einem Studienaustausch muss der Student ein Dokument mit der Bezeichnung \u201eStudy Agreement\u201c (Studienvertrag) unterzeichnen und sich mit dem Koordinator, Mentor, den Professoren und anderen an der Heimatinstitution beteiligten Personen abstimmen, die alle f\u00fcr den Inhalt des Studiums und die Anerkennung der erf\u00fcllten Verpflichtungen erforderlich sind.<\/li>\n<li>Bevor der Student zum Training aufbricht, unterschreibt er einen Beherbergungsvertrag und ein Dokument namens Trainingsvertrag.<\/li>\n<li>NEU: Ein Student kann bis zu 12 Monate Mobilit\u00e4t pro Studienzyklus absolvieren und beide Mobilit\u00e4tsaktivit\u00e4ten kombinieren.<\/li>\n<\/ul>\n<p>Der Status eines Erasmus-Studenten entspricht im Allgemeinen dem eines Studenten mit Wohnsitz im Gastland. Das Gastland darf dem Studenten keine Studiengeb\u00fchr berechnen.<\/p>\n<h3><strong>DURCHF\u00dcHRUNG STUDIENAUSTAUSCH UND AUSBILDUNG<\/strong><\/h3>\n<p>Die Bewerbung f\u00fcr das laufende Vertragsjahr ist verpflichtend.<\/p>\n<p>Der Studierende bewirbt sich auf die AUSSCHREIBUNG, die f\u00fcr das laufende Vertragsjahr g\u00fcltig ist und nach Kriterien ausgew\u00e4hlt wird, die die Hochschule einh\u00e4lt. Diese Kriterien k\u00f6nnen zus\u00e4tzlich zu den allgemeinen Kriterien, die bereits im Rahmen des ERASMUS-Programms vertraglich festgelegt wurden, Folgendes umfassen:<\/p>\n<ul>\n<li>Motivationsschreiben (Lebenslauf, Referenzen, Kurzbeschreibung, Gr\u00fcnde f\u00fcr die Bewerbung, Erwartungen der Studierenden\u2026);<\/li>\n<li>ein grober Studienplan oder Ausbildungsplan f\u00fcr das Ausland erstellt wurde oder, falls dies noch nicht m\u00f6glich ist, ein Vermerk mit dieser Begr\u00fcndung, falls der Bestimmungsort noch nicht bekannt ist;<\/li>\n<li>Sprachkenntnisse (Zeugnisse, Noten in der jeweiligen Fremdsprache im Rahmen des Studienprogramms, in dem er \/ sie studiert); \u00dcbereinstimmung des gew\u00e4hlten Studienfachaustauschs mit dem Studienprogramm der H\u00f6heren Berufsschule des Technischen Schulzentrums Maribor;<\/li>\n<li>Austauschkosten (Entfernung zum Bestimmungsort, Kostensch\u00e4tzung nach Land gem\u00e4\u00df vorgeschriebener Skala);<\/li>\n<li>Lernaktivit\u00e4t des Studenten (mindestens eine im laufenden Studienjahr abgeschlossene Pr\u00fcfung oder aktive Teilnahme am Studienprogramm);<\/li>\n<li>akademische Leistung der Studierenden &#8211; Durchschnittsnote (nur wenn die entsprechende Anzahl der Studierenden noch nicht nach den vorherigen Kriterien ausw\u00e4hlbar ist);<\/li>\n<li>Studierende, die zu einem fr\u00fcheren Zeitpunkt einen vereinbarten Austausch haben, haben Vorrang bei ihrer Wahl;<\/li>\n<li>Studierende, die sich noch nie von der Ausschreibung zur\u00fcckgezogen und \/ oder die von der Heimatinstitution angebotenen Reiseziele abgelehnt haben, haben Vorrang bei der Auswahl;<\/li>\n<li>Studierende, die noch nie einen Austausch \u00fcber Erasmus absolviert haben, haben Vorrang.<\/li>\n<\/ul>\n<h4><strong>Vorbereitung f\u00fcr die Durchf\u00fchrung des Austausches<\/strong><\/h4>\n<p>Der Student muss:<\/p>\n<ul>\n<li>vor Auslandsaufenthalten die daf\u00fcr vorgesehenen Vertragsunterlagen unterzeichnen;<\/li>\n<li>alle notwendigen Informationen \u00fcber die praktischen Erfahrungen anderer Studenten, die dieses Ziel bereits besucht haben, \u00fcber die Zeit und die finanziell optimale Reise, \u00fcber die g\u00fcnstige Unterkunft und \u00fcber den Lebensstil und die Besonderheiten des Lebens in dem ausgew\u00e4hlten Ziel sammeln.<\/li>\n<\/ul>\n<h3><strong>Durchf\u00fchrung des Austausches<\/strong><\/h3>\n<p>Der Student muss:<\/p>\n<ul>\n<li>bei der Ankunft im Ausland dem Erasmus-Koordinator der Heimatinstitution seine Ankunft mitteilen und w\u00e4hrend des gesamten Austauschs mit ihm in Kontakt bleiben;<\/li>\n<li>nach Abschluss des Auslandsstudienprogramms dem Erasmus-Koordinator alle erforderlichen vereinbarten Unterlagen innerhalb einer vertraglich vereinbarten Frist vorlegen;<\/li>\n<li>alle vertraglich vereinbarten Verpflichtungen erf\u00fcllen.<\/li>\n<li>Kommt der Studierende den vertraglich vereinbarten Verpflichtungen nicht nach, muss er das Mobilit\u00e4tsstipendium zur\u00fcckerstatten, es sei denn, es liegen objektive Gr\u00fcnde daf\u00fcr vor.<\/li>\n<\/ul>\n<h3><\/h3>\n<h3><strong>ERASMUS+ STIPENDIUM<\/strong><\/h3>\n<p>Der Student kann auch eine finanzielle Unterst\u00fctzung zur Deckung der Austauschkosten erhalten und eine Kofinanzierung durch Erasmus-Stipendien beantragen. Sie erh\u00e4lt dabei gleicherma\u00dfen F\u00f6rdermittel aus allen Stipendienquellen, auf die sie Anspruch hat oder die sie im Heimatland erh\u00e4lt.<\/p>\n<h3><\/h3>\n<h3><strong>ERASMUS MOBILIT\u00c4T VON STUDENTEN F\u00dcR DAS STUDIUM<\/strong><\/h3>\n<p>Ziele von Mobilit\u00e4tsprojekten f\u00fcr das Studium:<\/p>\n<ul>\n<li>den Studenten erm\u00f6glichen, w\u00e4hrend ihres Studiums in einem der teilnehmenden L\u00e4nder p\u00e4dagogische, sprachliche und kulturelle Erfahrungen zu sammeln;<\/li>\n<li>F\u00f6rderung der Zusammenarbeit zwischen den Hochschuleinrichtungen und Bereicherung des Bildungsumfelds;<\/li>\n<li>Beitrag zur Entwicklung einer Gruppe hochqualifizierter, angesehener und international erfahrener Nachwuchskr\u00e4fte k\u00fcnftiger Fachkr\u00e4fte;<\/li>\n<li>Erleichterung der \u00dcbertragung von Credits und der Anerkennung von im Ausland eingegangenen Verpflichtungen unter Verwendung von ECTS oder eines kompatiblen Systems;<\/li>\n<\/ul>\n<h4>INHALT DER STUDIENPFLICHTEN, DIE DER STUDIERENDE IM AUSLAND MACHEN KANN:<\/h4>\n<ul>\n<li>alle studienbezogenen Verpflichtungen, die f\u00fcr jede Pr\u00fcfung erforderlich sind und Teil eines Pflichtschulprogramms sind;<\/li>\n<li>Vorbereitung der Diplomarbeit.<\/li>\n<\/ul>\n<h3><\/h3>\n<h3><strong>ERASMUS+ AUSTAUSCHSTUDIERENDE F\u00dcR DIE AUSBILDUNG<\/strong><\/h3>\n<p>Zweck des Austauschs zu Ausbildungszwecken ist es, einen Studienaufenthalt in einem Unternehmen oder einer \u00e4hnlichen Organisation in einem anderen Teilnehmerland zu absolvieren, um den Einzelnen an die Bed\u00fcrfnisse des neuen europ\u00e4ischen Arbeitsmarktes anzupassen, spezifische F\u00e4higkeiten zu erwerben und das Verst\u00e4ndnis f\u00fcr die Wirtschafts- und Sozialkultur des Aufnahmelandes zu verbessern.<\/p>\n<h4>INHALT DER VERPFLICHTUNGEN, DIE DER STUDIERENDE IM AUSLAND MACHEN KANN<\/h4>\n<ul>\n<li>Er schult sich und erf\u00fcllt die praktischen Pflichten, die das Bildungsprogramm vorschreibt.<\/li>\n<li>Eine Kombination von Studium und Praxis ist ebenfalls m\u00f6glich, jedoch nur, wenn diese nacheinander und an derselben Einrichtung durchgef\u00fchrt werden.<\/li>\n<\/ul>\n<h4>SUCHE NACH BESTIMMUNGSORTEN F\u00dcR DIE PRAXIS<\/h4>\n<ul>\n<li>Der Student ist so selbstinitiiert wie m\u00f6glich bei der Suche nach Partnern und nimmt selbst Kontakt mit dem Unternehmen auf oder hilft sich auf verschiedene Weise, direkten Kontakt zu Unternehmen herzustellen: per E-Mail, Bekannten, anderen Erasmus-Studenten usw.<\/li>\n<li>Die Heimatinstitution unterzeichnet bilaterale Vertr\u00e4ge mit den Institutionen und ver\u00f6ffentlicht Kontaktadressen.<\/li>\n<li>Der Student findet geeignete Partner \u00fcber die auf der Website www.erasmusplus.si ver\u00f6ffentlichte Datenbank;<\/li>\n<li>Der Erasmus-Koordinator ver\u00f6ffentlicht regelm\u00e4\u00dfig Informationen zu direkten Angeboten, die per E-Mail eingehen.<\/li>\n<li>Weitere Informationen zur Mobilit\u00e4t von Einzelpersonen finden Sie auf der Website www.erasmusplus.si oder erhalten Sie von den Erasmus-Koordinatoren..<\/li>\n<\/ul>\n<div id=\"centerbottom\" class=\"yjsgsitew\"><\/div>\n<\/div>\n<div class=\"footer_out\"><\/div>\n<p><\/p>","protected":false},"excerpt":{"rendered":"<p>Studentenmobilit\u00e4t f\u00fcr das Praktikum (d. H. Praktische Ausbildung) Studierende, die das Praktikum im Ausland absolvieren, erhalten einen zus\u00e4tzlichen einmaligen Betrag aus einem EU-Stipendium in H\u00f6he von 150 EUR\/Monat. Studierende aus benachteiligten Verh\u00e4ltnissen (au\u00dfer Studierende mit besonderen Bed\u00fcrfnissen) Das Stipendium f\u00fcr Studierende mit benachteiligtem Hintergrund wird nicht aus Mitteln von Erasmus + gew\u00e4hrt. Die Finanzierung f\u00fcr&#8230;<\/p>\n","protected":false},"author":3,"featured_media":0,"parent":6753,"menu_order":0,"comment_status":"closed","ping_status":"closed","template":"","meta":[],"_links":{"self":[{"href":"https:\/\/www.tscmb.si\/de\/wp-json\/wp\/v2\/pages\/9165"}],"collection":[{"href":"https:\/\/www.tscmb.si\/de\/wp-json\/wp\/v2\/pages"}],"about":[{"href":"https:\/\/www.tscmb.si\/de\/wp-json\/wp\/v2\/types\/page"}],"author":[{"embeddable":true,"href":"https:\/\/www.tscmb.si\/de\/wp-json\/wp\/v2\/users\/3"}],"replies":[{"embeddable":true,"href":"https:\/\/www.tscmb.si\/de\/wp-json\/wp\/v2\/comments?post=9165"}],"version-history":[{"count":120,"href":"https:\/\/www.tscmb.si\/de\/wp-json\/wp\/v2\/pages\/9165\/revisions"}],"predecessor-version":[{"id":29296,"href":"https:\/\/www.tscmb.si\/de\/wp-json\/wp\/v2\/pages\/9165\/revisions\/29296"}],"up":[{"embeddable":true,"href":"https:\/\/www.tscmb.si\/de\/wp-json\/wp\/v2\/pages\/6753"}],"wp:attachment":[{"href":"https:\/\/www.tscmb.si\/de\/wp-json\/wp\/v2\/media?parent=9165"}],"curies":[{"name":"wp","href":"https:\/\/api.w.org\/{rel}","templated":true}]}}