{"id":13684,"date":"2019-02-25T13:59:29","date_gmt":"2019-02-25T12:59:29","guid":{"rendered":"http:\/\/www.tscmb.si\/?page_id=13684"},"modified":"2026-04-09T12:04:50","modified_gmt":"2026-04-09T10:04:50","slug":"mic-in-odrasli","status":"publish","type":"page","link":"https:\/\/www.tscmb.si\/en\/mic-in-odrasli\/","title":{"rendered":"IETC and adults education"},"content":{"rendered":"<style type=\"text\/css\"> \n#cmsmasters_row_69e1a57d54f77 .cmsmasters_row_outer_parent { \n\tpadding-top: 0px; \n} \n\n#cmsmasters_row_69e1a57d54f77 .cmsmasters_row_outer_parent { \n\tpadding-bottom: 50px; \n} \n\n \n\n#cmsmasters_fb_69e1a57d54fe6 { \n\tpadding-top:0px; \n\tpadding-bottom:0px; \n} \n\n#cmsmasters_fb_69e1a57d54fe6 .featured_block_inner { \n\twidth: 100%; \n\tpadding: ; \n\ttext-align: left; \n\tmargin:0 auto; \n\tbackground-color:#e1e1e1;\n} \n\n#cmsmasters_fb_69e1a57d54fe6 .featured_block_text { \n\ttext-align: left; \n} \n\n \n#cmsmasters_row_69e1a57d55488 .cmsmasters_row_outer_parent { \n\tpadding-top: 0px; \n} \n\n#cmsmasters_row_69e1a57d55488 .cmsmasters_row_outer_parent { \n\tpadding-bottom: 10px; \n} \n\n \n#cmsmasters_row_69e1a57d554ec .cmsmasters_row_outer_parent { \n\tpadding-top: 0px; \n} \n\n#cmsmasters_row_69e1a57d554ec .cmsmasters_row_outer_parent { \n\tpadding-bottom: 50px; \n} \n\n \n\n#cmsmasters_fb_69e1a57d55550 { \n\tpadding-top:20px; \n\tpadding-bottom:20px; \n\tbackground-color:#f4f4f4;\n} \n\n#cmsmasters_fb_69e1a57d55550 .featured_block_inner { \n\twidth: 80%; \n\tpadding: ; \n\ttext-align: center; \n\tmargin:0 auto; \n} \n\n#cmsmasters_fb_69e1a57d55550 .featured_block_text { \n\ttext-align: center; \n} \n\n\n#cmsmasters_button_69e1a57d5559a { \n\ttext-align:center; \n} \n\n#cmsmasters_button_69e1a57d5559a .cmsmasters_button:before { \n\tmargin-right:.5em; \n\tmargin-left:0; \n\tvertical-align:baseline; \n} \n\n#cmsmasters_button_69e1a57d5559a .cmsmasters_button { \n\tfont-weight:normal; \n\tfont-style:normal; \n\tborder-width:2px; \n\tborder-style:solid; \n\tbackground-color:#ffffff;\n\tcolor:#f6882a;\n\tborder-color:#f6882a;\n} \n#cmsmasters_button_69e1a57d5559a .cmsmasters_button:hover { \n\tbackground-color:#f6882a;\n\tcolor:#ffffff;\n\tborder-color:#ffffff;\n} \n \n\n#cmsmasters_fb_69e1a57d555f2 { \n\tpadding-top:20px; \n\tpadding-bottom:20px; \n\tbackground-color:#f4f4f4;\n} \n\n#cmsmasters_fb_69e1a57d555f2 .featured_block_inner { \n\twidth: 80%; \n\tpadding: ; \n\ttext-align: center; \n\tmargin:0 auto; \n} \n\n#cmsmasters_fb_69e1a57d555f2 .featured_block_text { \n\ttext-align: center; \n} \n\n\n#cmsmasters_button_69e1a57d5562e { \n\ttext-align:center; \n} \n\n#cmsmasters_button_69e1a57d5562e .cmsmasters_button:before { \n\tmargin-right:.5em; \n\tmargin-left:0; \n\tvertical-align:baseline; \n} \n\n#cmsmasters_button_69e1a57d5562e .cmsmasters_button { \n\tfont-weight:normal; \n\tfont-style:normal; \n\tborder-width:2px; \n\tborder-style:solid; \n\tbackground-color:#ffffff;\n\tcolor:#f6882a;\n\tborder-color:#f6882a;\n} \n#cmsmasters_button_69e1a57d5562e .cmsmasters_button:hover { \n\tbackground-color:#f6882a;\n\tcolor:#ffffff;\n\tborder-color:#ffffff;\n} \n \n\n#cmsmasters_fb_69e1a57d5567c { \n\tpadding-top:20px; \n\tpadding-bottom:20px; \n\tbackground-color:#f4f4f4;\n} \n\n#cmsmasters_fb_69e1a57d5567c .featured_block_inner { \n\twidth: 100%; \n\tpadding: ; \n\ttext-align: center; \n\tmargin:0 auto; \n} \n\n#cmsmasters_fb_69e1a57d5567c .featured_block_text { \n\ttext-align: center; \n} \n\n\n#cmsmasters_button_69e1a57d556c8 { \n\ttext-align:center; \n} \n\n#cmsmasters_button_69e1a57d556c8 .cmsmasters_button:before { \n\tmargin-right:.5em; \n\tmargin-left:0; \n\tvertical-align:baseline; \n} \n\n#cmsmasters_button_69e1a57d556c8 .cmsmasters_button { \n\tfont-weight:normal; \n\tfont-style:normal; \n\tborder-width:2px; \n\tborder-style:solid; \n\tbackground-color:#ffffff;\n\tcolor:#f6882a;\n\tborder-color:#f6882a;\n} \n#cmsmasters_button_69e1a57d556c8 .cmsmasters_button:hover { \n\tbackground-color:#f6882a;\n\tcolor:#ffffff;\n\tborder-color:#ffffff;\n} \n \n#cmsmasters_row_69e1a57d559d3 .cmsmasters_row_outer_parent { \n\tpadding-top: 0px; \n} \n\n#cmsmasters_row_69e1a57d559d3 .cmsmasters_row_outer_parent { \n\tpadding-bottom: 10px; \n} \n\n \n#cmsmasters_row_69e1a57d55a42 .cmsmasters_row_outer_parent { \n\tpadding-top: 0px; \n} \n\n#cmsmasters_row_69e1a57d55a42 .cmsmasters_row_outer_parent { \n\tpadding-bottom: 50px; \n} \n\n \n\n#cmsmasters_fb_69e1a57d55ab1 { \n\tpadding-top:20px; \n\tpadding-bottom:20px; \n\tbackground-color:#f4f4f4;\n} \n\n#cmsmasters_fb_69e1a57d55ab1 .featured_block_inner { \n\twidth: 80%; \n\tpadding: ; \n\ttext-align: center; \n\tmargin:0 auto; \n} \n\n#cmsmasters_fb_69e1a57d55ab1 .featured_block_text { \n\ttext-align: center; \n} \n\n\n#cmsmasters_button_69e1a57d55af2 { \n\ttext-align:center; \n} \n\n#cmsmasters_button_69e1a57d55af2 .cmsmasters_button:before { \n\tmargin-right:.5em; \n\tmargin-left:0; \n\tvertical-align:baseline; \n} \n\n#cmsmasters_button_69e1a57d55af2 .cmsmasters_button { \n\tfont-weight:normal; \n\tfont-style:normal; \n\tborder-width:2px; \n\tborder-style:solid; \n\tbackground-color:#ffffff;\n\tcolor:#f6882a;\n\tborder-color:#f6882a;\n} \n#cmsmasters_button_69e1a57d55af2 .cmsmasters_button:hover { \n\tbackground-color:#f6882a;\n\tcolor:#ffffff;\n\tborder-color:#ffffff;\n} \n \n\n#cmsmasters_fb_69e1a57d55b45 { \n\tpadding-top:20px; \n\tpadding-bottom:20px; \n\tbackground-color:#f4f4f4;\n} \n\n#cmsmasters_fb_69e1a57d55b45 .featured_block_inner { \n\twidth: 80%; \n\tpadding: ; \n\ttext-align: center; \n\tmargin:0 auto; \n} \n\n#cmsmasters_fb_69e1a57d55b45 .featured_block_text { \n\ttext-align: center; \n} \n\n\n#cmsmasters_button_69e1a57d55b80 { \n\ttext-align:center; \n} \n\n#cmsmasters_button_69e1a57d55b80 .cmsmasters_button:before { \n\tmargin-right:.5em; \n\tmargin-left:0; \n\tvertical-align:baseline; \n} \n\n#cmsmasters_button_69e1a57d55b80 .cmsmasters_button { \n\tfont-weight:normal; \n\tfont-style:normal; \n\tborder-width:2px; \n\tborder-style:solid; \n\tbackground-color:#ffffff;\n\tcolor:#f6882a;\n\tborder-color:#f6882a;\n} \n#cmsmasters_button_69e1a57d55b80 .cmsmasters_button:hover { \n\tbackground-color:#f6882a;\n\tcolor:#ffffff;\n\tborder-color:#ffffff;\n} \n \n\n#cmsmasters_fb_69e1a57d55bcf { \n\tpadding-top:20px; \n\tpadding-bottom:20px; \n\tbackground-color:#f4f4f4;\n} \n\n#cmsmasters_fb_69e1a57d55bcf .featured_block_inner { \n\twidth: 100%; \n\tpadding: ; \n\ttext-align: center; \n\tmargin:0 auto; \n} \n\n#cmsmasters_fb_69e1a57d55bcf .featured_block_text { \n\ttext-align: center; \n} \n\n\n#cmsmasters_button_69e1a57d55c09 { \n\ttext-align:center; \n} \n\n#cmsmasters_button_69e1a57d55c09 .cmsmasters_button:before { \n\tmargin-right:.5em; \n\tmargin-left:0; \n\tvertical-align:baseline; \n} \n\n#cmsmasters_button_69e1a57d55c09 .cmsmasters_button { \n\tfont-weight:normal; \n\tfont-style:normal; \n\tborder-width:2px; \n\tborder-style:solid; \n\tbackground-color:#ffffff;\n\tcolor:#f6882a;\n\tborder-color:#f6882a;\n} \n#cmsmasters_button_69e1a57d55c09 .cmsmasters_button:hover { \n\tbackground-color:#f6882a;\n\tcolor:#ffffff;\n\tborder-color:#ffffff;\n} \n<\/style><p><div id=\"cmsmasters_row_69e1a57d55488\" class=\"cmsmasters_row cmsmasters_color_scheme_default cmsmasters_row_top_default cmsmasters_row_bot_default cmsmasters_row_boxed\">\n<div class=\"cmsmasters_row_outer_parent\">\n<div class=\"cmsmasters_row_outer\">\n<div class=\"cmsmasters_row_inner\">\n<div class=\"cmsmasters_row_margin\">\n<div class=\"cmsmasters_column one_first\">\n<div class=\"cmsmasters_text\">\n<h1 style=\"text-align: center;\"><strong>Projects at IETC<\/strong><\/h1>\n<\/div>\n<\/div>\n<\/div>\n<\/div>\n<\/div>\n<\/div>\n<\/div>\n<div id=\"cmsmasters_row_69e1a57d554ec\" class=\"cmsmasters_row cmsmasters_color_scheme_third cmsmasters_row_top_default cmsmasters_row_bot_default cmsmasters_row_boxed\">\n<div class=\"cmsmasters_row_outer_parent\">\n<div class=\"cmsmasters_row_outer\">\n<div class=\"cmsmasters_row_inner cmsmasters_row_no_margin\">\n<div class=\"cmsmasters_row_margin\">\n<div class=\"cmsmasters_column one_third\">\n<div id=\"cmsmasters_fb_69e1a57d55550\" class=\"cmsmasters_featured_block\">\n<div class=\"featured_block_inner\">\n<div class=\"featured_block_text\">\n<p style=\"text-align: center;\"><a href=\"http:\/\/www.tscmb.si\/en\/mic-in-odrasli\/projekti\/atena\/projekti-atena-o-projektu\/\"><img loading=\"lazy\" class=\"wp-image-14194 size-full aligncenter\" src=\"http:\/\/www.tscmb.si\/en\/wp-content\/uploads\/2019\/05\/atena.png\" alt=\"\" width=\"124\" height=\"120\" \/><\/a><\/p>\n<p style=\"text-align: center;\">\n<div id=\"cmsmasters_button_69e1a57d5559a\" class=\"button_wrap\"><a href=\"http:\/\/www.tscmb.si\/en\/mic-in-odrasli\/projekti\/atena\/projekti-atena-o-projektu\/\" class=\"cmsmasters_button\"><span>More info<\/span><\/a><\/div>\n<\/div>\n<\/div>\n<\/div>\n<\/div>\n<div class=\"cmsmasters_column one_third\">\n<div id=\"cmsmasters_fb_69e1a57d555f2\" class=\"cmsmasters_featured_block\">\n<div class=\"featured_block_inner\">\n<div class=\"featured_block_text\">\n<p style=\"text-align: center;\"><a href=\"http:\/\/www.tscmb.si\/en\/mic-in-odrasli\/projekti\/munera3\/projekti-munera3-o-projektu\/\"><img loading=\"lazy\" class=\"aligncenter wp-image-13625 size-full\" src=\"http:\/\/www.tscmb.si\/en\/wp-content\/uploads\/2019\/02\/munera3-e1551089496597.png\" alt=\"\" width=\"97\" height=\"120\" \/><\/a><\/p>\n<p style=\"text-align: center;\">\n<div id=\"cmsmasters_button_69e1a57d5562e\" class=\"button_wrap\"><a href=\"http:\/\/www.tscmb.si\/en\/mic-in-odrasli\/projekti\/munera3\/projekti-munera3-o-projektu\/\" class=\"cmsmasters_button\"><span>More info<\/span><\/a><\/div>\n<\/div>\n<\/div>\n<\/div>\n<\/div>\n<div class=\"cmsmasters_column one_third\">\n<div id=\"cmsmasters_fb_69e1a57d5567c\" class=\"cmsmasters_featured_block\">\n<div class=\"featured_block_inner\">\n<div class=\"featured_block_text\">\n<p style=\"text-align: center;\"><a href=\"http:\/\/www.tscmb.si\/en\/mic-in-odrasli\/projekti\/pridobivanje-temeljnih-poklicnih-kompetenc\/o-projektu\/\"><img loading=\"lazy\" class=\"aligncenter wp-image-14193 size-full\" src=\"http:\/\/www.tscmb.si\/en\/wp-content\/uploads\/2019\/05\/tpk.png\" alt=\"\" width=\"247\" height=\"120\" \/><\/a><\/p>\n<p style=\"text-align: center;\">\n<div id=\"cmsmasters_button_69e1a57d556c8\" class=\"button_wrap\"><a href=\"http:\/\/www.tscmb.si\/en\/mic-in-odrasli\/projekti\/pridobivanje-temeljnih-poklicnih-kompetenc\/o-projektu\/\" class=\"cmsmasters_button\"><span>More info<\/span><\/a><\/div>\n<\/div>\n<\/div>\n<\/div>\n<\/div>\n<\/div>\n<\/div>\n<\/div>\n<\/div>\n<\/div>\n<div id=\"cmsmasters_row_69e1a57d556f3\" class=\"cmsmasters_row cmsmasters_color_scheme_default cmsmasters_row_top_default cmsmasters_row_bot_default cmsmasters_row_boxed\">\n<div class=\"cmsmasters_row_outer_parent\">\n<div class=\"cmsmasters_row_outer\">\n<div class=\"cmsmasters_row_inner\">\n<div class=\"cmsmasters_row_margin\">\n<div class=\"cmsmasters_column one_first\">\n<div class=\"cmsmasters_text\">\n<p>Up-to-date and general information about the events at the Inter-Entrepreneurial Education Center of the Technical School Center Maribor.<\/p>\n<ul class=\"sub-menu\">\n<li id=\"menu-item-7299\" class=\"menu-item menu-item-type-post_type menu-item-object-page menu-item-7299 menu-item-depth-1\"><a href=\"http:\/\/www.tscmb.si\/en\/mic-in-odrasli\/mic-usposabljanja\/\"><span class=\"nav_item_wrap\"><span class=\"nav_title\">Training<\/span><\/span><\/a><\/li>\n<li id=\"menu-item-6772\" class=\"menu-item menu-item-type-post_type menu-item-object-page menu-item-6772 menu-item-depth-1\"><a href=\"http:\/\/www.tscmb.si\/en\/mic-in-odrasli\/mic-splosne-informacije\/\"><span class=\"nav_item_wrap\"><span class=\"nav_title\">General Information<\/span><\/span><\/a><\/li>\n<li id=\"menu-item-6771\" class=\"menu-item menu-item-type-post_type menu-item-object-page menu-item-6771 menu-item-depth-1\"><a href=\"http:\/\/www.tscmb.si\/en\/mic-in-odrasli\/mic-prostori\/\"><span class=\"nav_item_wrap\"><span class=\"nav_title\">Facilities<\/span><\/span><\/a><\/li>\n<li id=\"menu-item-7810\" class=\"menu-item menu-item-type-post_type menu-item-object-page menu-item-has-children menu-item-7810 menu-item-depth-1\"><a href=\"http:\/\/www.tscmb.si\/en\/mic-in-odrasli\/izobrazevanje-odraslih\/\"><span class=\"nav_item_wrap\"><span class=\"nav_title\">Adults education<\/span><\/span><\/a>\n<ul class=\"sub-menu\">\n<li id=\"menu-item-13054\" class=\"menu-item menu-item-type-post_type menu-item-object-page menu-item-13054 menu-item-depth-subitem\"><a href=\"http:\/\/www.tscmb.si\/en\/mic-in-odrasli\/izobrazevanje-odraslih\/aktualno\/\"><span class=\"nav_item_wrap\"><span class=\"nav_title\">News<\/span><\/span><\/a><\/li>\n<li id=\"menu-item-13111\" class=\"menu-item menu-item-type-post_type menu-item-object-page menu-item-13111 menu-item-highlight menu-item-depth-subitem menu-item-icon\"><a href=\"https:\/\/www.tscmb.si\/en\/mic-in-odrasli\/izobrazevanje-odraslih\/programi\/\"><span class=\"nav_item_wrap\"><span class=\"nav_title cmsmasters-icon-heart\">Educational programs<\/span><\/span><\/a><\/li>\n<li id=\"menu-item-13062\" class=\"menu-item menu-item-type-post_type menu-item-object-page menu-item-13062 menu-item-depth-subitem\"><a href=\"http:\/\/www.tscmb.si\/en\/mic-in-odrasli\/izobrazevanje-odraslih\/uradne-ure\/\"><span class=\"nav_item_wrap\"><span class=\"nav_title\">Office hours<\/span><\/span><\/a><\/li>\n<\/ul>\n<\/li>\n<li id=\"menu-item-13491\" class=\"menu-item menu-item-type-custom menu-item-object-custom menu-item-has-children menu-item-13491 menu-item-depth-1\"><a href=\"http:\/\/www.tscmb.si\/en\/kontakt\/#\"><span class=\"nav_item_wrap\"><span class=\"nav_title\">Projects<\/span><\/span><\/a>\n<ul class=\"sub-menu\">\n<li id=\"menu-item-13492\" class=\"menu-item menu-item-type-custom menu-item-object-custom menu-item-has-children menu-item-13492 menu-item-depth-subitem\"><a href=\"http:\/\/www.tscmb.si\/en\/mic-in-odrasli\/projekti\/atena\/projekti-atena-o-projektu\/\"><span class=\"nav_item_wrap\"><span class=\"nav_title\">ATENA<\/span><\/span><\/a>\n<ul class=\"sub-menu\">\n<li id=\"menu-item-13500\" class=\"menu-item menu-item-type-post_type menu-item-object-page menu-item-13500 menu-item-depth-subitem\"><a href=\"http:\/\/www.tscmb.si\/en\/mic-in-odrasli\/projekti\/atena\/projekti-atena-o-projektu\/\"><span class=\"nav_item_wrap\"><span class=\"nav_title\">About project<\/span><\/span><\/a><\/li>\n<li id=\"menu-item-13497\" class=\"menu-item menu-item-type-post_type menu-item-object-page menu-item-13497 menu-item-depth-subitem\"><a href=\"http:\/\/www.tscmb.si\/en\/mic-in-odrasli\/projekti\/atena\/projekti-atena-promocija\/\"><span class=\"nav_item_wrap\"><span class=\"nav_title\">Promotion<\/span><\/span><\/a><\/li>\n<li id=\"menu-item-13496\" class=\"menu-item menu-item-type-post_type menu-item-object-page menu-item-13496 menu-item-depth-subitem\"><a href=\"http:\/\/www.tscmb.si\/en\/mic-in-odrasli\/projekti\/atena\/projekti-atena-animacija\/\"><span class=\"nav_item_wrap\"><span class=\"nav_title\">Animation<\/span><\/span><\/a><\/li>\n<li id=\"menu-item-13513\" class=\"menu-item menu-item-type-post_type menu-item-object-page menu-item-13513 menu-item-depth-subitem\"><a href=\"http:\/\/www.tscmb.si\/en\/mic-in-odrasli\/projekti\/atena\/projekti-atena-ucna-pomoc\/\"><span class=\"nav_item_wrap\"><span class=\"nav_title\">Learning assistance<\/span><\/span><\/a><\/li>\n<li id=\"menu-item-13493\" class=\"menu-item menu-item-type-post_type menu-item-object-page menu-item-13493 menu-item-depth-subitem\"><a href=\"http:\/\/www.tscmb.si\/en\/mic-in-odrasli\/projekti\/atena\/projekti-atena-kontakt\/\"><span class=\"nav_item_wrap\"><span class=\"nav_title\">Contact<\/span><\/span><\/a><\/li>\n<\/ul>\n<\/li>\n<li id=\"menu-item-13501\" class=\"menu-item menu-item-type-custom menu-item-object-custom menu-item-has-children menu-item-13501 menu-item-depth-subitem\"><a href=\"http:\/\/www.tscmb.si\/en\/mic-in-odrasli\/projekti\/munera3\/projekti-munera3-o-projektu\/\"><span class=\"nav_item_wrap\"><span class=\"nav_title\">MUNERA3<\/span><\/span><\/a>\n<ul class=\"sub-menu\">\n<li id=\"menu-item-13663\" class=\"menu-item menu-item-type-post_type menu-item-object-page menu-item-13663 menu-item-depth-subitem\"><a href=\"http:\/\/www.tscmb.si\/en\/mic-in-odrasli\/projekti\/munera3\/projekti-munera3-o-projektu\/\"><span class=\"nav_item_wrap\"><span class=\"nav_title\">About project<\/span><\/span><\/a><\/li>\n<li id=\"menu-item-13517\" class=\"menu-item menu-item-type-post_type menu-item-object-page menu-item-13517 menu-item-depth-subitem\"><a href=\"http:\/\/www.tscmb.si\/en\/mic-in-odrasli\/projekti\/munera3\/projekti-munera3-razpisani-programi-usposabljanj\/\"><span class=\"nav_item_wrap\"><span class=\"nav_title\">Offered training courses<\/span><\/span><\/a><\/li>\n<li id=\"menu-item-13662\" class=\"menu-item menu-item-type-post_type menu-item-object-page menu-item-13662 menu-item-depth-subitem\"><a href=\"http:\/\/www.tscmb.si\/en\/mic-in-odrasli\/projekti\/munera3\/munera3-prijava-na-usposabljanja\/\"><span class=\"nav_item_wrap\"><span class=\"nav_title\">Application for training<\/span><\/span><\/a><\/li>\n<li id=\"menu-item-13504\" class=\"menu-item menu-item-type-post_type menu-item-object-page menu-item-13504 menu-item-depth-subitem\"><a href=\"http:\/\/www.tscmb.si\/en\/mic-in-odrasli\/izobrazevanje-odraslih\/projekti-munera3-kontakt\/\"><span class=\"nav_item_wrap\"><span class=\"nav_title\">Contact<\/span><\/span><\/a><\/li>\n<\/ul>\n<\/li>\n<li id=\"menu-item-13508\" class=\"menu-item menu-item-type-custom menu-item-object-custom menu-item-has-children menu-item-13508 menu-item-depth-subitem\"><a href=\"http:\/\/www.tscmb.si\/en\/mic-in-odrasli\/projekti\/pridobivanje-temeljnih-poklicnih-kompetenc\/o-projektu\/\"><span class=\"nav_item_wrap\"><span class=\"nav_title\">Acquisition of Fundamental Professional Competences<\/span><\/span><\/a>\n<ul class=\"sub-menu\">\n<li id=\"menu-item-13510\" class=\"menu-item menu-item-type-post_type menu-item-object-page menu-item-13510 menu-item-depth-subitem\"><a href=\"http:\/\/www.tscmb.si\/en\/mic-in-odrasli\/projekti\/pridobivanje-temeljnih-poklicnih-kompetenc\/o-projektu\/\"><span class=\"nav_item_wrap\"><span class=\"nav_title\">About project<\/span><\/span><\/a><\/li>\n<li id=\"menu-item-13509\" class=\"menu-item menu-item-type-post_type menu-item-object-page menu-item-13509 menu-item-depth-subitem\"><a href=\"http:\/\/www.tscmb.si\/en\/mic-in-odrasli\/projekti\/pridobivanje-temeljnih-poklicnih-kompetenc\/projekti-pridobivanje-temeljnih-poklicnih-kompetenc-usposabljanja\/\"><span class=\"nav_item_wrap\"><span class=\"nav_title\">Training courses<\/span><\/span><\/a><\/li>\n<li id=\"menu-item-13511\" class=\"menu-item menu-item-type-post_type menu-item-object-page menu-item-13511 menu-item-depth-subitem\"><a href=\"http:\/\/www.tscmb.si\/en\/mic-in-odrasli\/projekti\/pridobivanje-temeljnih-poklicnih-kompetenc\/projekti-pridobivanje-temeljnih-poklicnih-kompetenc-kontakt\/\"><span class=\"nav_item_wrap\"><span class=\"nav_title\">Contacts<\/span><\/span><\/a><\/li>\n<\/ul>\n<\/li>\n<\/ul>\n<\/li>\n<\/ul>\n<p><\/p>","protected":false},"excerpt":{"rendered":"<p>Aktuelle und allgemeine Informationen zu Veranstaltungen im MIC Ausbildugzentrum des Technical School Center Maribor. Schulungen Allgemeine info R\u00e4umlichkeiten Erwachsenenbildung Nachrichten Sprechstunden Bildungsprogramme Projekte ATENA \u00dcber das Projekt F\u00f6rderung Animation Lernhilfe Kontakt MUNERA3 \u00dcber das Projekt Trainingsprogramme zur Verf\u00fcgung Bewerbung f\u00fcr Ausbildung Kontakt Erwerb grundlegender beruflicher Kompetenzen \u00dcber das Projekt Trainingsprogramme Kontakte<\/p>\n","protected":false},"author":3,"featured_media":0,"parent":0,"menu_order":0,"comment_status":"closed","ping_status":"closed","template":"","meta":[],"_links":{"self":[{"href":"https:\/\/www.tscmb.si\/en\/wp-json\/wp\/v2\/pages\/13684"}],"collection":[{"href":"https:\/\/www.tscmb.si\/en\/wp-json\/wp\/v2\/pages"}],"about":[{"href":"https:\/\/www.tscmb.si\/en\/wp-json\/wp\/v2\/types\/page"}],"author":[{"embeddable":true,"href":"https:\/\/www.tscmb.si\/en\/wp-json\/wp\/v2\/users\/3"}],"replies":[{"embeddable":true,"href":"https:\/\/www.tscmb.si\/en\/wp-json\/wp\/v2\/comments?post=13684"}],"version-history":[{"count":90,"href":"https:\/\/www.tscmb.si\/en\/wp-json\/wp\/v2\/pages\/13684\/revisions"}],"predecessor-version":[{"id":29719,"href":"https:\/\/www.tscmb.si\/en\/wp-json\/wp\/v2\/pages\/13684\/revisions\/29719"}],"wp:attachment":[{"href":"https:\/\/www.tscmb.si\/en\/wp-json\/wp\/v2\/media?parent=13684"}],"curies":[{"name":"wp","href":"https:\/\/api.w.org\/{rel}","templated":true}]}}