{"id":18142,"date":"2021-01-14T18:06:11","date_gmt":"2021-01-14T17:06:11","guid":{"rendered":"http:\/\/www.tscmb.si\/?page_id=18142"},"modified":"2021-01-15T15:38:15","modified_gmt":"2021-01-15T14:38:15","slug":"znani-dijaki","status":"publish","type":"page","link":"https:\/\/www.tscmb.si\/en\/informacije\/znani-dijaki\/","title":{"rendered":"(Slovenian) Znani dijaki, ki so kon\u010dali na\u0161o \u0161olo"},"content":{"rendered":"<p class=\"qtranxs-available-languages-message qtranxs-available-languages-message-en\">Sorry, this entry is only available in <a href=\"https:\/\/www.tscmb.si\/sl\/wp-json\/wp\/v2\/pages\/18142\" class=\"qtranxs-available-language-link qtranxs-available-language-link-sl\" title=\"Slovenian\">Slovenian<\/a>.<\/p>","protected":false},"excerpt":{"rendered":"","protected":false},"author":3,"featured_media":0,"parent":13665,"menu_order":0,"comment_status":"closed","ping_status":"closed","template":"","meta":[],"_links":{"self":[{"href":"https:\/\/www.tscmb.si\/en\/wp-json\/wp\/v2\/pages\/18142"}],"collection":[{"href":"https:\/\/www.tscmb.si\/en\/wp-json\/wp\/v2\/pages"}],"about":[{"href":"https:\/\/www.tscmb.si\/en\/wp-json\/wp\/v2\/types\/page"}],"author":[{"embeddable":true,"href":"https:\/\/www.tscmb.si\/en\/wp-json\/wp\/v2\/users\/3"}],"replies":[{"embeddable":true,"href":"https:\/\/www.tscmb.si\/en\/wp-json\/wp\/v2\/comments?post=18142"}],"version-history":[{"count":12,"href":"https:\/\/www.tscmb.si\/en\/wp-json\/wp\/v2\/pages\/18142\/revisions"}],"predecessor-version":[{"id":18261,"href":"https:\/\/www.tscmb.si\/en\/wp-json\/wp\/v2\/pages\/18142\/revisions\/18261"}],"up":[{"embeddable":true,"href":"https:\/\/www.tscmb.si\/en\/wp-json\/wp\/v2\/pages\/13665"}],"wp:attachment":[{"href":"https:\/\/www.tscmb.si\/en\/wp-json\/wp\/v2\/media?parent=18142"}],"curies":[{"name":"wp","href":"https:\/\/api.w.org\/{rel}","templated":true}]}}